{"id":32242,"date":"2023-03-02T12:08:02","date_gmt":"2024-10-15T12:27:23","guid":{"rendered":"https:\/\/www.finsdesiecles-artdeco.com\/?post_type=product&#038;p=32242"},"modified":"2024-10-15T12:27:58","modified_gmt":"2024-10-15T12:27:58","slug":"conjunto-de-sillas-de-silvio-coppola-italia-1970","status":"publish","type":"product","link":"https:\/\/www.finsdesiecles-artdeco.com\/es\/product\/conjunto-de-sillas-de-silvio-coppola-italia-1970\/","title":{"rendered":"Conjunto de sillas de Silvio Coppola &#8211; Italia 1970"},"content":{"rendered":"<p><strong>Silvio Coppola<\/strong> (Italia, Brindisi 1920 \u2013 Milan 1985)<\/p>\n<p>Graduado en arquitectura por la Universidad Polit\u00e9cnica de Mil\u00e1n, Coppola dise\u00f1\u00f3 edificios en Bagdad, campus universitarios en Zaire, casas y hoteles en Italia. En 1965 se convirti\u00f3 en arquitecto de proyectos del Fondo Europeo de Desarrollo. Trabaj\u00f3 como consultor para muchas empresas importantes como Bayer, Bernini, Montecatini, Monteschell, Zucchi, Cinzano, Alessi, Cassina, Parmalat y Feltrinelli. En 1967 cofund\u00f3 un grupo de investigaci\u00f3n llamado Exhibition Design con Bruno Munari y Franco Grignani. Miembro de ADI (Asociaci\u00f3n de Dise\u00f1o Industrial), AIGA (Instituto Americano de Artes Gr\u00e1ficas) y AGI (Instituto de Artes Gr\u00e1ficas), donde ocup\u00f3 el cargo de vicepresidente durante dos a\u00f1os. Dio clases en la Gesamthochschule de Essen y en la Universidad de Wuppertal.<\/p>\n","protected":false},"excerpt":{"rendered":"<p>Conjunto de ocho sillas de caoba maciza, asientos y respaldos en polipiel. Muy buena calidad. Estado original.<\/p>\n<p>Dise\u00f1o: Silvio Coppola para Bernini.<\/p>\n<p>Italia, 1970.<\/p>\n<p>&nbsp;<\/p>\n<p><strong>Dimensiones<\/strong><\/p>\n<p><strong>cm<\/strong> 49 x 49 x 81 asiento 49<\/p>\n<p><strong>inches<\/strong> 19.29 x 19.29 x 31.88 asiento 10.29<\/p>\n<p>&nbsp;<\/p>\n","protected":false},"featured_media":20057,"template":"","meta":{"_editorskit_title_hidden":false,"_editorskit_reading_time":0,"_editorskit_is_block_options_detached":false,"_editorskit_block_options_position":"{}","inline_featured_image":false},"product_brand":[],"product_cat":[252,280],"product_tag":[],"class_list":{"0":"post-32242","1":"product","2":"type-product","3":"status-publish","4":"has-post-thumbnail","6":"product_cat-asientos1643813446","7":"product_cat-sillas2","9":"first","10":"instock","11":"shipping-taxable","12":"purchasable","13":"product-type-simple"},"_links":{"self":[{"href":"https:\/\/www.finsdesiecles-artdeco.com\/es\/wp-json\/wp\/v2\/product\/32242","targetHints":{"allow":["GET"]}}],"collection":[{"href":"https:\/\/www.finsdesiecles-artdeco.com\/es\/wp-json\/wp\/v2\/product"}],"about":[{"href":"https:\/\/www.finsdesiecles-artdeco.com\/es\/wp-json\/wp\/v2\/types\/product"}],"wp:featuredmedia":[{"embeddable":true,"href":"https:\/\/www.finsdesiecles-artdeco.com\/es\/wp-json\/wp\/v2\/media\/20057"}],"wp:attachment":[{"href":"https:\/\/www.finsdesiecles-artdeco.com\/es\/wp-json\/wp\/v2\/media?parent=32242"}],"wp:term":[{"taxonomy":"product_brand","embeddable":true,"href":"https:\/\/www.finsdesiecles-artdeco.com\/es\/wp-json\/wp\/v2\/product_brand?post=32242"},{"taxonomy":"product_cat","embeddable":true,"href":"https:\/\/www.finsdesiecles-artdeco.com\/es\/wp-json\/wp\/v2\/product_cat?post=32242"},{"taxonomy":"product_tag","embeddable":true,"href":"https:\/\/www.finsdesiecles-artdeco.com\/es\/wp-json\/wp\/v2\/product_tag?post=32242"}],"curies":[{"name":"wp","href":"https:\/\/api.w.org\/{rel}","templated":true}]}}