{"id":32461,"date":"2024-10-29T15:38:39","date_gmt":"2024-10-29T16:06:09","guid":{"rendered":"https:\/\/www.finsdesiecles-artdeco.com\/?post_type=product&#038;p=32461"},"modified":"2024-10-30T12:23:12","modified_gmt":"2024-10-30T12:23:12","slug":"escritorio-y-sillon-cubistas-art-deco-francia-1930","status":"publish","type":"product","link":"https:\/\/www.finsdesiecles-artdeco.com\/es\/product\/escritorio-y-sillon-cubistas-art-deco-francia-1930\/","title":{"rendered":"Escritorio y sillon cubistas Art Dec\u00f3 &#8211; Francia 1930"},"content":{"rendered":"<p>Escritorio y sillon cubistas Art Dec\u00f3 &#8211; Francia 1930<\/p>\n<p><strong>Dimensiones<\/strong><\/p>\n<p><strong>Escritorio<\/strong><\/p>\n<p><strong>cm<\/strong>\u00a0157,5 x 74 x 74<\/p>\n<p><strong>inches<\/strong>\u00a062 x 29.13 x 29.13<\/p>\n<p><strong>Sill\u00f3n<\/strong><\/p>\n<p><strong>cm<\/strong> 61 x 58 x 85,5 \/ 48.5 (asiento)<\/p>\n<p><strong>inches<\/strong> 24.01 x 22.83 x 33.66 \/ 19.09 (asiento)<\/p>\n","protected":false},"excerpt":{"rendered":"<p>Escritorio y sill\u00f3n cubistas Art Dec\u00f3 de madera maciza chapada de arce moteado y filetes de boj, apoyados sobre una base de madera maciza negra. Espectacular escritorio de 4 puertas que se abren en compartimentos, dos de ellos con estantes, el tercero con 4 cajones y un compartimento vac\u00edo. Tres estantes en el lado del visitante. Almohadilla original de cuero marr\u00f3n, al igual que el cuero del sill\u00f3n, han sido completamente restauradas. Este conjunto es de extraordinaria calidad. Barnizado a mu\u00f1eca. Llaves de lat\u00f3n niquelado. Escritorio desmontable.<\/p>\n<p>Francia circa 1930<\/p>\n<p>&nbsp;<\/p>\n<p><strong>Dimensiones<\/strong><\/p>\n<p><strong>Escritorio<\/strong><\/p>\n<p><strong>cm<\/strong>\u00a0157,5 x 74 x 74<\/p>\n<p><strong>inches<\/strong>\u00a062 x 29.13 x 29.13<\/p>\n<p><strong>Sill\u00f3n<\/strong><\/p>\n<p><strong>cm<\/strong> 61 x 58 x 85,5 \/ 48.5 (asiento)<\/p>\n<p><strong>inches<\/strong> 24.01 x 22.83 x 33.66 \/ 19.09 (asiento)<\/p>\n","protected":false},"featured_media":32418,"template":"","meta":{"_editorskit_title_hidden":false,"_editorskit_reading_time":0,"_editorskit_is_block_options_detached":false,"_editorskit_block_options_position":"{}","inline_featured_image":false},"product_brand":[],"product_cat":[258,262],"product_tag":[],"class_list":{"0":"post-32461","1":"product","2":"type-product","3":"status-publish","4":"has-post-thumbnail","6":"product_cat-mesas","7":"product_cat-escritorios","9":"first","10":"instock","11":"shipping-taxable","12":"purchasable","13":"product-type-simple"},"_links":{"self":[{"href":"https:\/\/www.finsdesiecles-artdeco.com\/es\/wp-json\/wp\/v2\/product\/32461","targetHints":{"allow":["GET"]}}],"collection":[{"href":"https:\/\/www.finsdesiecles-artdeco.com\/es\/wp-json\/wp\/v2\/product"}],"about":[{"href":"https:\/\/www.finsdesiecles-artdeco.com\/es\/wp-json\/wp\/v2\/types\/product"}],"wp:featuredmedia":[{"embeddable":true,"href":"https:\/\/www.finsdesiecles-artdeco.com\/es\/wp-json\/wp\/v2\/media\/32418"}],"wp:attachment":[{"href":"https:\/\/www.finsdesiecles-artdeco.com\/es\/wp-json\/wp\/v2\/media?parent=32461"}],"wp:term":[{"taxonomy":"product_brand","embeddable":true,"href":"https:\/\/www.finsdesiecles-artdeco.com\/es\/wp-json\/wp\/v2\/product_brand?post=32461"},{"taxonomy":"product_cat","embeddable":true,"href":"https:\/\/www.finsdesiecles-artdeco.com\/es\/wp-json\/wp\/v2\/product_cat?post=32461"},{"taxonomy":"product_tag","embeddable":true,"href":"https:\/\/www.finsdesiecles-artdeco.com\/es\/wp-json\/wp\/v2\/product_tag?post=32461"}],"curies":[{"name":"wp","href":"https:\/\/api.w.org\/{rel}","templated":true}]}}