{"id":32753,"date":"2024-11-21T16:30:30","date_gmt":"2024-11-21T16:53:05","guid":{"rendered":"https:\/\/www.finsdesiecles-artdeco.com\/?post_type=product&#038;p=32753"},"modified":"2024-11-21T16:53:05","modified_gmt":"2024-11-21T16:53:05","slug":"ceramica-dos-peses-art-deco-de-dejan-francia-1930","status":"publish","type":"product","link":"https:\/\/www.finsdesiecles-artdeco.com\/es\/product\/ceramica-dos-peses-art-deco-de-dejan-francia-1930\/","title":{"rendered":"Cer\u00e1mica dos peses Art Dec\u00f3 de Dejan &#8211; Francia 1930"},"content":{"rendered":"<p>Cer\u00e1mica dos peses Art Dec\u00f3 de Dejan &#8211; Francia 1930<\/p>\n<p><strong>Dimensiones<\/strong><\/p>\n<p><strong>cm<\/strong>\u00a036 x 12 x 35,5<\/p>\n<p><strong>inches<\/strong>\u00a014.17 x 4.72 x 13.98<\/p>\n","protected":false},"excerpt":{"rendered":"<p>Cer\u00e1mica Art Dec\u00f3 representando dos peces en verde celad\u00f3n craquelado.<\/p>\n<p>Modelo de \u00abDejan\u00bb.<\/p>\n<p>Francia circa 1930.<\/p>\n<p>&nbsp;<\/p>\n<p><strong>Dimensiones<\/strong><\/p>\n<p><strong>cm<\/strong>\u00a036 x 12 x 35,5<\/p>\n<p><strong>inches<\/strong>\u00a014.17 x 4.72 x 13.98<\/p>\n","protected":false},"featured_media":32734,"template":"","meta":{"_editorskit_title_hidden":false,"_editorskit_reading_time":0,"_editorskit_is_block_options_detached":false,"_editorskit_block_options_position":"{}","inline_featured_image":false},"product_brand":[],"product_cat":[463,268],"product_tag":[],"class_list":{"0":"post-32753","1":"product","2":"type-product","3":"status-publish","4":"has-post-thumbnail","6":"product_cat-ceramicas","7":"product_cat-objetos-y-adornos","9":"first","10":"instock","11":"shipping-taxable","12":"purchasable","13":"product-type-simple"},"_links":{"self":[{"href":"https:\/\/www.finsdesiecles-artdeco.com\/es\/wp-json\/wp\/v2\/product\/32753","targetHints":{"allow":["GET"]}}],"collection":[{"href":"https:\/\/www.finsdesiecles-artdeco.com\/es\/wp-json\/wp\/v2\/product"}],"about":[{"href":"https:\/\/www.finsdesiecles-artdeco.com\/es\/wp-json\/wp\/v2\/types\/product"}],"wp:featuredmedia":[{"embeddable":true,"href":"https:\/\/www.finsdesiecles-artdeco.com\/es\/wp-json\/wp\/v2\/media\/32734"}],"wp:attachment":[{"href":"https:\/\/www.finsdesiecles-artdeco.com\/es\/wp-json\/wp\/v2\/media?parent=32753"}],"wp:term":[{"taxonomy":"product_brand","embeddable":true,"href":"https:\/\/www.finsdesiecles-artdeco.com\/es\/wp-json\/wp\/v2\/product_brand?post=32753"},{"taxonomy":"product_cat","embeddable":true,"href":"https:\/\/www.finsdesiecles-artdeco.com\/es\/wp-json\/wp\/v2\/product_cat?post=32753"},{"taxonomy":"product_tag","embeddable":true,"href":"https:\/\/www.finsdesiecles-artdeco.com\/es\/wp-json\/wp\/v2\/product_tag?post=32753"}],"curies":[{"name":"wp","href":"https:\/\/api.w.org\/{rel}","templated":true}]}}