{"id":33558,"date":"2025-01-21T19:09:40","date_gmt":"2025-01-22T10:26:08","guid":{"rendered":"https:\/\/www.finsdesiecles-artdeco.com\/?post_type=product&#038;p=33558"},"modified":"2025-01-22T10:27:04","modified_gmt":"2025-01-22T10:27:04","slug":"pareja-de-lamparas-de-despacho-de-christian-dell-alemania-1930","status":"publish","type":"product","link":"https:\/\/www.finsdesiecles-artdeco.com\/es\/product\/pareja-de-lamparas-de-despacho-de-christian-dell-alemania-1930\/","title":{"rendered":"Pareja de l\u00e1mparas de despacho de Christian Dell &#8211; Alemania 1930"},"content":{"rendered":"<p>Pareja de l\u00e1mparas de despacho de Christian Dell &#8211; Alemania 1930<\/p>\n<p><strong>Dimensiones\u00a0<\/strong><\/p>\n<p><strong>cm<\/strong>\u00a038 x 28 x 45<\/p>\n<p><strong>inches<\/strong>\u00a014.96 x 11.02 x 17.72<\/p>\n","protected":false},"excerpt":{"rendered":"<p>Pareja de l\u00e1mparas de despacho de acero niquelado y chapa lacada en negro, ajuste de inclinaci\u00f3n en base y pantalla. Rastros de oxidaci\u00f3n y pintura faltante.<\/p>\n<p>Modelo President 6631<\/p>\n<p>Dise\u00f1o de Christian Dell<\/p>\n<p>Fabricante Kaiser Idell<\/p>\n<p>&nbsp;<\/p>\n<p><strong>Dimensiones\u00a0<\/strong><\/p>\n<p><strong>cm<\/strong>\u00a038 x 28 x 45<\/p>\n<p><strong>inches<\/strong>\u00a014.96 x 11.02 x 17.72<\/p>\n","protected":false},"featured_media":33513,"template":"","meta":{"_editorskit_title_hidden":false,"_editorskit_reading_time":0,"_editorskit_is_block_options_detached":false,"_editorskit_block_options_position":"{}","inline_featured_image":false},"product_brand":[],"product_cat":[334,265],"product_tag":[],"class_list":{"0":"post-33558","1":"product","2":"type-product","3":"status-publish","4":"has-post-thumbnail","6":"product_cat-lamparas-de-mesa","7":"product_cat-iluminacion","9":"first","10":"instock","11":"shipping-taxable","12":"purchasable","13":"product-type-simple"},"_links":{"self":[{"href":"https:\/\/www.finsdesiecles-artdeco.com\/es\/wp-json\/wp\/v2\/product\/33558","targetHints":{"allow":["GET"]}}],"collection":[{"href":"https:\/\/www.finsdesiecles-artdeco.com\/es\/wp-json\/wp\/v2\/product"}],"about":[{"href":"https:\/\/www.finsdesiecles-artdeco.com\/es\/wp-json\/wp\/v2\/types\/product"}],"wp:featuredmedia":[{"embeddable":true,"href":"https:\/\/www.finsdesiecles-artdeco.com\/es\/wp-json\/wp\/v2\/media\/33513"}],"wp:attachment":[{"href":"https:\/\/www.finsdesiecles-artdeco.com\/es\/wp-json\/wp\/v2\/media?parent=33558"}],"wp:term":[{"taxonomy":"product_brand","embeddable":true,"href":"https:\/\/www.finsdesiecles-artdeco.com\/es\/wp-json\/wp\/v2\/product_brand?post=33558"},{"taxonomy":"product_cat","embeddable":true,"href":"https:\/\/www.finsdesiecles-artdeco.com\/es\/wp-json\/wp\/v2\/product_cat?post=33558"},{"taxonomy":"product_tag","embeddable":true,"href":"https:\/\/www.finsdesiecles-artdeco.com\/es\/wp-json\/wp\/v2\/product_tag?post=33558"}],"curies":[{"name":"wp","href":"https:\/\/api.w.org\/{rel}","templated":true}]}}