{"id":3367,"date":"2015-12-14T17:32:11","date_gmt":"2015-12-14T17:32:11","guid":{"rendered":"https:\/\/www.finsdesiecles-artdeco.com\/?product=mesa-camarera"},"modified":"2023-08-21T10:14:44","modified_gmt":"2023-08-21T10:14:44","slug":"mesa-camarera-art-nouveau","status":"publish","type":"product","link":"https:\/\/www.finsdesiecles-artdeco.com\/es\/product\/mesa-camarera-art-nouveau\/","title":{"rendered":"Mesa camarera Art Nouveau &#8211; Francia 1900"},"content":{"rendered":"<p>Mesa camarera Art Nouveau &#8211; Francia 1900<\/p>\n<hr \/>\n<p><b>Dimensiones<\/b><\/p>\n<ul>\n<li><b>cm:<\/b> 100 x 46 x 70<\/li>\n<li><b>inches:<\/b> 39.37 x 18.11 x 27.56<\/li>\n<\/ul>\n","protected":false},"excerpt":{"rendered":"<p>Espectacular mesa camarera Art Nouveau en palo rosa macizo y chapado, barnizado a mu\u00f1eca, bandeja extra\u00edble con asas de cobre con ba\u00f1o de plata.<\/p>\n<p>Francia c. 1900<\/p>\n<p><b>Dimensiones<\/b><\/p>\n<ul>\n<li><b>cm:<\/b> 100 x 46 x 70<\/li>\n<li><b>inches:<\/b> 39.37 x 18.11 x 27.56<\/li>\n<\/ul>\n","protected":false},"featured_media":8831,"template":"","meta":{"_editorskit_title_hidden":false,"_editorskit_reading_time":0,"_editorskit_is_block_options_detached":false,"_editorskit_block_options_position":"{}","inline_featured_image":false},"product_brand":[],"product_cat":[258,259,277,322],"product_tag":[],"class_list":{"0":"post-3367","1":"product","2":"type-product","3":"status-publish","4":"has-post-thumbnail","6":"product_cat-mesas","7":"product_cat-auxiliares","8":"product_cat-auxiliares1643813499","9":"product_cat-carritos","11":"first","12":"instock","13":"purchasable","14":"product-type-simple"},"_links":{"self":[{"href":"https:\/\/www.finsdesiecles-artdeco.com\/es\/wp-json\/wp\/v2\/product\/3367","targetHints":{"allow":["GET"]}}],"collection":[{"href":"https:\/\/www.finsdesiecles-artdeco.com\/es\/wp-json\/wp\/v2\/product"}],"about":[{"href":"https:\/\/www.finsdesiecles-artdeco.com\/es\/wp-json\/wp\/v2\/types\/product"}],"wp:featuredmedia":[{"embeddable":true,"href":"https:\/\/www.finsdesiecles-artdeco.com\/es\/wp-json\/wp\/v2\/media\/8831"}],"wp:attachment":[{"href":"https:\/\/www.finsdesiecles-artdeco.com\/es\/wp-json\/wp\/v2\/media?parent=3367"}],"wp:term":[{"taxonomy":"product_brand","embeddable":true,"href":"https:\/\/www.finsdesiecles-artdeco.com\/es\/wp-json\/wp\/v2\/product_brand?post=3367"},{"taxonomy":"product_cat","embeddable":true,"href":"https:\/\/www.finsdesiecles-artdeco.com\/es\/wp-json\/wp\/v2\/product_cat?post=3367"},{"taxonomy":"product_tag","embeddable":true,"href":"https:\/\/www.finsdesiecles-artdeco.com\/es\/wp-json\/wp\/v2\/product_tag?post=3367"}],"curies":[{"name":"wp","href":"https:\/\/api.w.org\/{rel}","templated":true}]}}