{"id":33838,"date":"2025-02-13T11:23:58","date_gmt":"2025-02-13T11:39:47","guid":{"rendered":"https:\/\/www.finsdesiecles-artdeco.com\/?post_type=product&#038;p=33838"},"modified":"2025-02-13T11:39:48","modified_gmt":"2025-02-13T11:39:48","slug":"mesa-auxiliar-art-deco-barcelona-1930","status":"publish","type":"product","link":"https:\/\/www.finsdesiecles-artdeco.com\/es\/product\/mesa-auxiliar-art-deco-barcelona-1930\/","title":{"rendered":"Mesa auxiliar Art Dec\u00f3 &#8211; Barcelona 1930"},"content":{"rendered":"<p>Mesa auxiliar Art Dec\u00f3 &#8211; Barcelona 1930<\/p>\n<p><strong>Dimensiones<\/strong><\/p>\n<p><strong>cm<\/strong> Diam inferior 78 (con patas) \/ Diam superior 55 x 61,5<\/p>\n<p><strong>inches<\/strong> Diam inferior 30.71 (con patas) \/ Diam superior 21.65 x 24.21<\/p>\n","protected":false},"excerpt":{"rendered":"<p>Mesa auxiliar Art Dec\u00f3 de dos niveles en caoba maciza te\u00f1ida y barnizada a mu\u00f1eca.<\/p>\n<p>Espa\u00f1a, Barcelona circa 1930<\/p>\n<p>&nbsp;<\/p>\n<p><strong>Dimensiones<\/strong><\/p>\n<p><strong>cm<\/strong> Diam inferior 78 (con patas) \/ Diam superior 55 x 61,5<\/p>\n<p><strong>inches<\/strong> Diam inferior 30.71 (con patas) \/ Diam superior 21.65 x 24.21<\/p>\n<p>&nbsp;<\/p>\n","protected":false},"featured_media":33824,"template":"","meta":{"_editorskit_title_hidden":false,"_editorskit_reading_time":0,"_editorskit_is_block_options_detached":false,"_editorskit_block_options_position":"{}","inline_featured_image":false},"product_brand":[],"product_cat":[258,259],"product_tag":[],"class_list":{"0":"post-33838","1":"product","2":"type-product","3":"status-publish","4":"has-post-thumbnail","6":"product_cat-mesas","7":"product_cat-auxiliares","9":"first","10":"instock","11":"shipping-taxable","12":"purchasable","13":"product-type-simple"},"_links":{"self":[{"href":"https:\/\/www.finsdesiecles-artdeco.com\/es\/wp-json\/wp\/v2\/product\/33838","targetHints":{"allow":["GET"]}}],"collection":[{"href":"https:\/\/www.finsdesiecles-artdeco.com\/es\/wp-json\/wp\/v2\/product"}],"about":[{"href":"https:\/\/www.finsdesiecles-artdeco.com\/es\/wp-json\/wp\/v2\/types\/product"}],"wp:featuredmedia":[{"embeddable":true,"href":"https:\/\/www.finsdesiecles-artdeco.com\/es\/wp-json\/wp\/v2\/media\/33824"}],"wp:attachment":[{"href":"https:\/\/www.finsdesiecles-artdeco.com\/es\/wp-json\/wp\/v2\/media?parent=33838"}],"wp:term":[{"taxonomy":"product_brand","embeddable":true,"href":"https:\/\/www.finsdesiecles-artdeco.com\/es\/wp-json\/wp\/v2\/product_brand?post=33838"},{"taxonomy":"product_cat","embeddable":true,"href":"https:\/\/www.finsdesiecles-artdeco.com\/es\/wp-json\/wp\/v2\/product_cat?post=33838"},{"taxonomy":"product_tag","embeddable":true,"href":"https:\/\/www.finsdesiecles-artdeco.com\/es\/wp-json\/wp\/v2\/product_tag?post=33838"}],"curies":[{"name":"wp","href":"https:\/\/api.w.org\/{rel}","templated":true}]}}