{"id":33860,"date":"2025-02-13T12:15:12","date_gmt":"2025-02-13T12:26:49","guid":{"rendered":"https:\/\/www.finsdesiecles-artdeco.com\/?post_type=product&#038;p=33860"},"modified":"2025-02-13T12:26:49","modified_gmt":"2025-02-13T12:26:49","slug":"mesa-de-centro-tripode-italia-1940","status":"publish","type":"product","link":"https:\/\/www.finsdesiecles-artdeco.com\/es\/product\/mesa-de-centro-tripode-italia-1940\/","title":{"rendered":"Mesa de centro tr\u00edpode &#8211; Italia 1940"},"content":{"rendered":"<p>Mesa de centro tr\u00edpode &#8211; Italia 1940<\/p>\n<p><strong>Dimensiones<\/strong><\/p>\n<p><strong>cm<\/strong> Diam 74 (con patas) x 51,5<\/p>\n<p><strong>inches<\/strong> Diam 29.13 (con patas) x 20.28<\/p>\n","protected":false},"excerpt":{"rendered":"<p>Mesa de centro tr\u00edpode en haya te\u00f1ida y barnizada a mu\u00f1eca.<\/p>\n<p>Italia circa 1940<\/p>\n<p>&nbsp;<\/p>\n<p><strong>Dimensiones<\/strong><\/p>\n<p><strong>cm<\/strong> Diam 74 (con patas) x 51,5<\/p>\n<p><strong>inches<\/strong> Diam 29.13 (con patas) x 20.28<\/p>\n","protected":false},"featured_media":33843,"template":"","meta":{"_editorskit_title_hidden":false,"_editorskit_reading_time":0,"_editorskit_is_block_options_detached":false,"_editorskit_block_options_position":"{}","inline_featured_image":false},"product_brand":[],"product_cat":[258,292],"product_tag":[],"class_list":{"0":"post-33860","1":"product","2":"type-product","3":"status-publish","4":"has-post-thumbnail","6":"product_cat-mesas","7":"product_cat-centro","9":"first","10":"instock","11":"shipping-taxable","12":"purchasable","13":"product-type-simple"},"_links":{"self":[{"href":"https:\/\/www.finsdesiecles-artdeco.com\/es\/wp-json\/wp\/v2\/product\/33860","targetHints":{"allow":["GET"]}}],"collection":[{"href":"https:\/\/www.finsdesiecles-artdeco.com\/es\/wp-json\/wp\/v2\/product"}],"about":[{"href":"https:\/\/www.finsdesiecles-artdeco.com\/es\/wp-json\/wp\/v2\/types\/product"}],"wp:featuredmedia":[{"embeddable":true,"href":"https:\/\/www.finsdesiecles-artdeco.com\/es\/wp-json\/wp\/v2\/media\/33843"}],"wp:attachment":[{"href":"https:\/\/www.finsdesiecles-artdeco.com\/es\/wp-json\/wp\/v2\/media?parent=33860"}],"wp:term":[{"taxonomy":"product_brand","embeddable":true,"href":"https:\/\/www.finsdesiecles-artdeco.com\/es\/wp-json\/wp\/v2\/product_brand?post=33860"},{"taxonomy":"product_cat","embeddable":true,"href":"https:\/\/www.finsdesiecles-artdeco.com\/es\/wp-json\/wp\/v2\/product_cat?post=33860"},{"taxonomy":"product_tag","embeddable":true,"href":"https:\/\/www.finsdesiecles-artdeco.com\/es\/wp-json\/wp\/v2\/product_tag?post=33860"}],"curies":[{"name":"wp","href":"https:\/\/api.w.org\/{rel}","templated":true}]}}