{"id":3388,"date":"2015-12-14T19:41:07","date_gmt":"2015-12-14T19:41:07","guid":{"rendered":"https:\/\/www.finsdesiecles-artdeco.com\/?product=apliques"},"modified":"2022-10-29T11:13:26","modified_gmt":"2022-10-29T11:13:26","slug":"aplique-atribuido-a-mathieu-mategot","status":"publish","type":"product","link":"https:\/\/www.finsdesiecles-artdeco.com\/es\/product\/aplique-atribuido-a-mathieu-mategot\/","title":{"rendered":"Aplique atribu\u00eddo a Mathieu Mat\u00e9got"},"content":{"rendered":"<p>Aplique atribuido a Mathieu Mat\u00e9got<\/p>\n<hr \/>\n<p><b>Dimensiones<\/b><\/p>\n<ul>\n<li><b>cm:<\/b> 50 x 28 x 50<\/li>\n<li><b>inches:<\/b> 19.69 x 11.02 x 19.69<\/li>\n<\/ul>\n","protected":false},"excerpt":{"rendered":"<p>Aplique de tres brazos de lat\u00f3n y pantallas de chapa perforada con pintura original.<\/p>\n<p>Atribuido a Mathieu Mat\u00e9got<\/p>\n<p>Francia c. 1960<\/p>\n<p><b>Dimensiones<\/b><\/p>\n<ul>\n<li><b>cm:<\/b> 50 x 28 x 50<\/li>\n<li><b>inches:<\/b> 19.69 x 11.02 x 19.69<\/li>\n<\/ul>\n","protected":false},"featured_media":9105,"template":"","meta":{"_editorskit_title_hidden":false,"_editorskit_reading_time":0,"_editorskit_is_block_options_detached":false,"_editorskit_block_options_position":"{}","inline_featured_image":false},"product_brand":[],"product_cat":[265,355],"product_tag":[],"class_list":{"0":"post-3388","1":"product","2":"type-product","3":"status-publish","4":"has-post-thumbnail","6":"product_cat-iluminacion","7":"product_cat-apliques","9":"first","10":"instock","11":"purchasable","12":"product-type-simple"},"_links":{"self":[{"href":"https:\/\/www.finsdesiecles-artdeco.com\/es\/wp-json\/wp\/v2\/product\/3388","targetHints":{"allow":["GET"]}}],"collection":[{"href":"https:\/\/www.finsdesiecles-artdeco.com\/es\/wp-json\/wp\/v2\/product"}],"about":[{"href":"https:\/\/www.finsdesiecles-artdeco.com\/es\/wp-json\/wp\/v2\/types\/product"}],"wp:featuredmedia":[{"embeddable":true,"href":"https:\/\/www.finsdesiecles-artdeco.com\/es\/wp-json\/wp\/v2\/media\/9105"}],"wp:attachment":[{"href":"https:\/\/www.finsdesiecles-artdeco.com\/es\/wp-json\/wp\/v2\/media?parent=3388"}],"wp:term":[{"taxonomy":"product_brand","embeddable":true,"href":"https:\/\/www.finsdesiecles-artdeco.com\/es\/wp-json\/wp\/v2\/product_brand?post=3388"},{"taxonomy":"product_cat","embeddable":true,"href":"https:\/\/www.finsdesiecles-artdeco.com\/es\/wp-json\/wp\/v2\/product_cat?post=3388"},{"taxonomy":"product_tag","embeddable":true,"href":"https:\/\/www.finsdesiecles-artdeco.com\/es\/wp-json\/wp\/v2\/product_tag?post=3388"}],"curies":[{"name":"wp","href":"https:\/\/api.w.org\/{rel}","templated":true}]}}