{"id":33909,"date":"2025-02-13T14:45:43","date_gmt":"2025-02-13T14:56:53","guid":{"rendered":"https:\/\/www.finsdesiecles-artdeco.com\/?post_type=product&#038;p=33909"},"modified":"2025-02-13T14:56:53","modified_gmt":"2025-02-13T14:56:53","slug":"pareja-de-pequenos-bancos-espana-1960","status":"publish","type":"product","link":"https:\/\/www.finsdesiecles-artdeco.com\/es\/product\/pareja-de-pequenos-bancos-espana-1960\/","title":{"rendered":"Pareja de peque\u00f1os bancos &#8211; Espa\u00f1a 1960"},"content":{"rendered":"<p>Pareja de peque\u00f1os bancos &#8211; Espa\u00f1a 1960<\/p>\n<p><strong>Dimensiones<\/strong><\/p>\n<p><strong>cm<\/strong>\u00a050 x 31 x 34<\/p>\n<p><strong>inches<\/strong>\u00a019.68 x 12.20 x 13.39<\/p>\n","protected":false},"excerpt":{"rendered":"<p>Pareja de peque\u00f1os bancos de pino tapizados en piel marr\u00f3n burdeos original. Acabado encerado.<\/p>\n<p>Espa\u00f1a circa 1960<\/p>\n<p>&nbsp;<\/p>\n<p><strong>Dimensiones<\/strong><\/p>\n<p><strong>cm<\/strong>\u00a050 x 31 x 34<\/p>\n<p><strong>inches<\/strong>\u00a019.68 x 12.20 x 13.39<\/p>\n","protected":false},"featured_media":33889,"template":"","meta":{"_editorskit_title_hidden":false,"_editorskit_reading_time":0,"_editorskit_is_block_options_detached":false,"_editorskit_block_options_position":"{}","inline_featured_image":false},"product_brand":[],"product_cat":[252,286],"product_tag":[],"class_list":{"0":"post-33909","1":"product","2":"type-product","3":"status-publish","4":"has-post-thumbnail","6":"product_cat-asientos1643813446","7":"product_cat-banquetas1643813515","9":"first","10":"outofstock","11":"shipping-taxable","12":"product-type-simple"},"_links":{"self":[{"href":"https:\/\/www.finsdesiecles-artdeco.com\/es\/wp-json\/wp\/v2\/product\/33909","targetHints":{"allow":["GET"]}}],"collection":[{"href":"https:\/\/www.finsdesiecles-artdeco.com\/es\/wp-json\/wp\/v2\/product"}],"about":[{"href":"https:\/\/www.finsdesiecles-artdeco.com\/es\/wp-json\/wp\/v2\/types\/product"}],"wp:featuredmedia":[{"embeddable":true,"href":"https:\/\/www.finsdesiecles-artdeco.com\/es\/wp-json\/wp\/v2\/media\/33889"}],"wp:attachment":[{"href":"https:\/\/www.finsdesiecles-artdeco.com\/es\/wp-json\/wp\/v2\/media?parent=33909"}],"wp:term":[{"taxonomy":"product_brand","embeddable":true,"href":"https:\/\/www.finsdesiecles-artdeco.com\/es\/wp-json\/wp\/v2\/product_brand?post=33909"},{"taxonomy":"product_cat","embeddable":true,"href":"https:\/\/www.finsdesiecles-artdeco.com\/es\/wp-json\/wp\/v2\/product_cat?post=33909"},{"taxonomy":"product_tag","embeddable":true,"href":"https:\/\/www.finsdesiecles-artdeco.com\/es\/wp-json\/wp\/v2\/product_tag?post=33909"}],"curies":[{"name":"wp","href":"https:\/\/api.w.org\/{rel}","templated":true}]}}