{"id":33944,"date":"2025-02-14T15:48:11","date_gmt":"2025-02-14T16:01:55","guid":{"rendered":"https:\/\/www.finsdesiecles-artdeco.com\/?post_type=product&#038;p=33944"},"modified":"2025-02-14T16:03:10","modified_gmt":"2025-02-14T16:03:10","slug":"pequeno-mueble-bar-art-deco-barcelona-1930","status":"publish","type":"product","link":"https:\/\/www.finsdesiecles-artdeco.com\/es\/product\/pequeno-mueble-bar-art-deco-barcelona-1930\/","title":{"rendered":"Peque\u00f1o mueble bar Art Dec\u00f3 &#8211; Barcelona 1930"},"content":{"rendered":"<p>Peque\u00f1o mueble bar Art Dec\u00f3 &#8211; Barcelona 1930<\/p>\n<p><strong>Dimensiones<\/strong><\/p>\n<p><strong>cm<\/strong>\u00a089 x 40 x 80<\/p>\n<p><strong>inches<\/strong>\u00a035.04 x 15.75 x 31.50<\/p>\n","protected":false},"excerpt":{"rendered":"<p>Peque\u00f1o mueble bar en madera chapada de nogal, con marqueter\u00edas parciales y madera de arce en el centro, filetes de madera clara en la base y la encimera, dos puertas que dan al bar equipado con un espejo en la parte posterior, soportes para copas, una gruesa placa de opalina negra y un sistema de iluminaci\u00f3n autom\u00e1tico. Tiradores y herrajes de lat\u00f3n niquelado. Barnizado a mu\u00f1eca.<\/p>\n<p>Espa\u00f1a, Barcelona circa 1930<\/p>\n<p>&nbsp;<\/p>\n<p><strong>Dimensiones<\/strong><\/p>\n<p><strong>cm<\/strong>\u00a089 x 40 x 80<\/p>\n<p><strong>inches<\/strong>\u00a035.04 x 15.75 x 31.50<\/p>\n<p>&nbsp;<\/p>\n","protected":false},"featured_media":33924,"template":"","meta":{"_editorskit_title_hidden":false,"_editorskit_reading_time":0,"_editorskit_is_block_options_detached":false,"_editorskit_block_options_position":"{}","inline_featured_image":false},"product_brand":[],"product_cat":[277,319],"product_tag":[],"class_list":{"0":"post-33944","1":"product","2":"type-product","3":"status-publish","4":"has-post-thumbnail","6":"product_cat-auxiliares1643813499","7":"product_cat-muebles-bar","9":"first","10":"instock","11":"shipping-taxable","12":"purchasable","13":"product-type-simple"},"_links":{"self":[{"href":"https:\/\/www.finsdesiecles-artdeco.com\/es\/wp-json\/wp\/v2\/product\/33944","targetHints":{"allow":["GET"]}}],"collection":[{"href":"https:\/\/www.finsdesiecles-artdeco.com\/es\/wp-json\/wp\/v2\/product"}],"about":[{"href":"https:\/\/www.finsdesiecles-artdeco.com\/es\/wp-json\/wp\/v2\/types\/product"}],"wp:featuredmedia":[{"embeddable":true,"href":"https:\/\/www.finsdesiecles-artdeco.com\/es\/wp-json\/wp\/v2\/media\/33924"}],"wp:attachment":[{"href":"https:\/\/www.finsdesiecles-artdeco.com\/es\/wp-json\/wp\/v2\/media?parent=33944"}],"wp:term":[{"taxonomy":"product_brand","embeddable":true,"href":"https:\/\/www.finsdesiecles-artdeco.com\/es\/wp-json\/wp\/v2\/product_brand?post=33944"},{"taxonomy":"product_cat","embeddable":true,"href":"https:\/\/www.finsdesiecles-artdeco.com\/es\/wp-json\/wp\/v2\/product_cat?post=33944"},{"taxonomy":"product_tag","embeddable":true,"href":"https:\/\/www.finsdesiecles-artdeco.com\/es\/wp-json\/wp\/v2\/product_tag?post=33944"}],"curies":[{"name":"wp","href":"https:\/\/api.w.org\/{rel}","templated":true}]}}