{"id":34184,"date":"2025-02-27T11:40:03","date_gmt":"2025-03-01T10:55:26","guid":{"rendered":"https:\/\/www.finsdesiecles-artdeco.com\/?post_type=product&#038;p=34184"},"modified":"2025-03-01T10:55:27","modified_gmt":"2025-03-01T10:55:27","slug":"sofa-de-dos-plazas-espana-1970","status":"publish","type":"product","link":"https:\/\/www.finsdesiecles-artdeco.com\/es\/product\/sofa-de-dos-plazas-espana-1970\/","title":{"rendered":"Sof\u00e1 de dos plazas &#8211; Espa\u00f1a 1970"},"content":{"rendered":"<p>Sof\u00e1 de dos plazas &#8211; Espa\u00f1a 1970<\/p>\n<p><strong>Dimensiones<\/strong><\/p>\n<p><strong>cm<\/strong> 141 x 81 x 80,5 \/ 41 (asiento)<\/p>\n<p><strong>inches<\/strong> 55.12 x 31.89 x 31.69 \/ 16.14 (asiento)<\/p>\n","protected":false},"excerpt":{"rendered":"<p>Sof\u00e1 de dos plazas de pino macizo decapado y encerado, sistema de respaldo en la tela original, cojines nuevos en lana de Astrac\u00e1n.<\/p>\n<p>Espa\u00f1a circa 1970<\/p>\n<p>&nbsp;<\/p>\n<p><strong>Dimensiones<\/strong><\/p>\n<p><strong>cm<\/strong> 141 x 81 x 80,5 \/ 41 (asiento)<\/p>\n<p><strong>inches<\/strong> 55.12 x 31.89 x 31.69 \/ 16.14 (asiento)<\/p>\n","protected":false},"featured_media":34179,"template":"","meta":{"_editorskit_title_hidden":false,"_editorskit_reading_time":0,"_editorskit_is_block_options_detached":false,"_editorskit_block_options_position":"{}","inline_featured_image":false},"product_brand":[],"product_cat":[252,283],"product_tag":[],"class_list":{"0":"post-34184","1":"product","2":"type-product","3":"status-publish","4":"has-post-thumbnail","6":"product_cat-asientos1643813446","7":"product_cat-sofas","9":"first","10":"instock","11":"shipping-taxable","12":"purchasable","13":"product-type-simple"},"_links":{"self":[{"href":"https:\/\/www.finsdesiecles-artdeco.com\/es\/wp-json\/wp\/v2\/product\/34184","targetHints":{"allow":["GET"]}}],"collection":[{"href":"https:\/\/www.finsdesiecles-artdeco.com\/es\/wp-json\/wp\/v2\/product"}],"about":[{"href":"https:\/\/www.finsdesiecles-artdeco.com\/es\/wp-json\/wp\/v2\/types\/product"}],"wp:featuredmedia":[{"embeddable":true,"href":"https:\/\/www.finsdesiecles-artdeco.com\/es\/wp-json\/wp\/v2\/media\/34179"}],"wp:attachment":[{"href":"https:\/\/www.finsdesiecles-artdeco.com\/es\/wp-json\/wp\/v2\/media?parent=34184"}],"wp:term":[{"taxonomy":"product_brand","embeddable":true,"href":"https:\/\/www.finsdesiecles-artdeco.com\/es\/wp-json\/wp\/v2\/product_brand?post=34184"},{"taxonomy":"product_cat","embeddable":true,"href":"https:\/\/www.finsdesiecles-artdeco.com\/es\/wp-json\/wp\/v2\/product_cat?post=34184"},{"taxonomy":"product_tag","embeddable":true,"href":"https:\/\/www.finsdesiecles-artdeco.com\/es\/wp-json\/wp\/v2\/product_tag?post=34184"}],"curies":[{"name":"wp","href":"https:\/\/api.w.org\/{rel}","templated":true}]}}