{"id":34220,"date":"2025-03-01T11:44:09","date_gmt":"2025-03-01T12:01:38","guid":{"rendered":"https:\/\/www.finsdesiecles-artdeco.com\/?post_type=product&#038;p=34220"},"modified":"2025-03-01T12:01:38","modified_gmt":"2025-03-01T12:01:38","slug":"comoda-de-jiri-jiroutek-checoslovaquia-1962","status":"publish","type":"product","link":"https:\/\/www.finsdesiecles-artdeco.com\/es\/product\/comoda-de-jiri-jiroutek-checoslovaquia-1962\/","title":{"rendered":"C\u00f3moda de Jiri Jiroutek &#8211; Checoslovaquia 1962"},"content":{"rendered":"<p>C\u00f3moda de Jiri Jiroutek &#8211; Checoslovaquia 1962<\/p>\n<p><strong>Dimensions<\/strong><\/p>\n<p><strong>cm<\/strong>\u00a0110 x 45 x 76<\/p>\n<p><strong>inches<\/strong>\u00a043.31 x 17.72 x 29.92<\/p>\n","protected":false},"excerpt":{"rendered":"<p>C\u00f3moda de roble y chapa de roble, decapada y encerada, cajones con carcasas de pl\u00e1stico, frentes de cajones de madera forrados de f\u00f3rmica rosa, negra y gris-blanca. Etiqueta original en la parte trasera.<\/p>\n<p>Modelo U453<\/p>\n<p>Dise\u00f1o: Jiri Jiroutek<\/p>\n<p>Checoslovaquia 1962<\/p>\n<p>&nbsp;<\/p>\n<p><strong>Dimensions<\/strong><\/p>\n<p><strong>cm<\/strong>\u00a0110 x 45 x 76<\/p>\n<p><strong>inches<\/strong>\u00a043.31 x 17.72 x 29.92<\/p>\n","protected":false},"featured_media":34189,"template":"","meta":{"_editorskit_title_hidden":false,"_editorskit_reading_time":0,"_editorskit_is_block_options_detached":false,"_editorskit_block_options_position":"{}","inline_featured_image":false},"product_brand":[],"product_cat":[412,307],"product_tag":[],"class_list":{"0":"post-34220","1":"product","2":"type-product","3":"status-publish","4":"has-post-thumbnail","6":"product_cat-almacenaje","7":"product_cat-comodas-almacenaje","9":"first","10":"instock","11":"shipping-taxable","12":"purchasable","13":"product-type-simple"},"_links":{"self":[{"href":"https:\/\/www.finsdesiecles-artdeco.com\/es\/wp-json\/wp\/v2\/product\/34220","targetHints":{"allow":["GET"]}}],"collection":[{"href":"https:\/\/www.finsdesiecles-artdeco.com\/es\/wp-json\/wp\/v2\/product"}],"about":[{"href":"https:\/\/www.finsdesiecles-artdeco.com\/es\/wp-json\/wp\/v2\/types\/product"}],"wp:featuredmedia":[{"embeddable":true,"href":"https:\/\/www.finsdesiecles-artdeco.com\/es\/wp-json\/wp\/v2\/media\/34189"}],"wp:attachment":[{"href":"https:\/\/www.finsdesiecles-artdeco.com\/es\/wp-json\/wp\/v2\/media?parent=34220"}],"wp:term":[{"taxonomy":"product_brand","embeddable":true,"href":"https:\/\/www.finsdesiecles-artdeco.com\/es\/wp-json\/wp\/v2\/product_brand?post=34220"},{"taxonomy":"product_cat","embeddable":true,"href":"https:\/\/www.finsdesiecles-artdeco.com\/es\/wp-json\/wp\/v2\/product_cat?post=34220"},{"taxonomy":"product_tag","embeddable":true,"href":"https:\/\/www.finsdesiecles-artdeco.com\/es\/wp-json\/wp\/v2\/product_tag?post=34220"}],"curies":[{"name":"wp","href":"https:\/\/api.w.org\/{rel}","templated":true}]}}