{"id":35108,"date":"2025-05-08T15:23:16","date_gmt":"2025-05-08T15:36:31","guid":{"rendered":"https:\/\/www.finsdesiecles-artdeco.com\/?post_type=product&#038;p=35108"},"modified":"2025-05-08T15:37:51","modified_gmt":"2025-05-08T15:37:51","slug":"comoda-baja-aran-de-jordi-vilanova-barcelona-1970","status":"publish","type":"product","link":"https:\/\/www.finsdesiecles-artdeco.com\/es\/product\/comoda-baja-aran-de-jordi-vilanova-barcelona-1970\/","title":{"rendered":"C\u00f3moda baja Ar\u00e1n de Jordi Vilanova &#8211; Barcelona 1970"},"content":{"rendered":"<p>C\u00f3moda baja Ar\u00e1n de Jordi Vilanova &#8211; Barcelona 1970<\/p>\n<p><strong>Dimensiones<\/strong><\/p>\n<p><strong>cm<\/strong> 70 x 45 + 3,5 tiradores x 38,5<\/p>\n<p><strong>inches<\/strong> 27.56 x 17.72 + 1.38 tiradores x 15.16<\/p>\n","protected":false},"excerpt":{"rendered":"<p>C\u00f3moda baja, gran mesita de noche o base de armario en pino con lacado blanco original.<\/p>\n<p>Modelo \u00abAran\u00bb de Jordi Vilanova.<\/p>\n<p>Espa\u00f1a, Barcelona circa 1970.<\/p>\n<p>&nbsp;<\/p>\n<p><strong>Dimensiones<\/strong><\/p>\n<p><strong>cm<\/strong> 70 x 45 + 3,5 tiradores x 38,5<\/p>\n<p><strong>inches<\/strong> 27.56 x 17.72 + 1.38 tiradores x 15.16<\/p>\n","protected":false},"featured_media":35088,"template":"","meta":{"_editorskit_title_hidden":false,"_editorskit_reading_time":0,"_editorskit_is_block_options_detached":false,"_editorskit_block_options_position":"{}","inline_featured_image":false},"product_brand":[],"product_cat":[271,307,310],"product_tag":[],"class_list":{"0":"post-35108","1":"product","2":"type-product","3":"status-publish","4":"has-post-thumbnail","6":"product_cat-dormitorios","7":"product_cat-comodas-almacenaje","8":"product_cat-armarios","10":"first","11":"instock","12":"shipping-taxable","13":"purchasable","14":"product-type-simple"},"_links":{"self":[{"href":"https:\/\/www.finsdesiecles-artdeco.com\/es\/wp-json\/wp\/v2\/product\/35108","targetHints":{"allow":["GET"]}}],"collection":[{"href":"https:\/\/www.finsdesiecles-artdeco.com\/es\/wp-json\/wp\/v2\/product"}],"about":[{"href":"https:\/\/www.finsdesiecles-artdeco.com\/es\/wp-json\/wp\/v2\/types\/product"}],"wp:featuredmedia":[{"embeddable":true,"href":"https:\/\/www.finsdesiecles-artdeco.com\/es\/wp-json\/wp\/v2\/media\/35088"}],"wp:attachment":[{"href":"https:\/\/www.finsdesiecles-artdeco.com\/es\/wp-json\/wp\/v2\/media?parent=35108"}],"wp:term":[{"taxonomy":"product_brand","embeddable":true,"href":"https:\/\/www.finsdesiecles-artdeco.com\/es\/wp-json\/wp\/v2\/product_brand?post=35108"},{"taxonomy":"product_cat","embeddable":true,"href":"https:\/\/www.finsdesiecles-artdeco.com\/es\/wp-json\/wp\/v2\/product_cat?post=35108"},{"taxonomy":"product_tag","embeddable":true,"href":"https:\/\/www.finsdesiecles-artdeco.com\/es\/wp-json\/wp\/v2\/product_tag?post=35108"}],"curies":[{"name":"wp","href":"https:\/\/api.w.org\/{rel}","templated":true}]}}