{"id":35601,"date":"2025-06-06T10:00:21","date_gmt":"2025-06-06T10:25:47","guid":{"rendered":"https:\/\/www.finsdesiecles-artdeco.com\/?post_type=product&#038;p=35601"},"modified":"2025-06-06T10:25:47","modified_gmt":"2025-06-06T10:25:47","slug":"pequena-consola-italia-1950-2","status":"publish","type":"product","link":"https:\/\/www.finsdesiecles-artdeco.com\/es\/product\/pequena-consola-italia-1950-2\/","title":{"rendered":"Peque\u00f1a consola &#8211; Italia 1950"},"content":{"rendered":"<p>Peque\u00f1a consola &#8211; Italia 1950<\/p>\n<p><strong>Dimensiones<\/strong><\/p>\n<p><strong>cm<\/strong> 84,5 x 27 x 89 \u2013 84 sobre vidrio\/73 estante central\/30 estante inferior<\/p>\n<p><strong>inches<\/strong> 32.27 x 10.63 x 35.04 \u2013 33.07 sobre vidrio\/28.74 estante central\/11.81 estante inferior<\/p>\n","protected":false},"excerpt":{"rendered":"<p>Consola peque\u00f1a totalmente desmontable en caoba te\u00f1ida de oscuro con sobre de cristal. Barnizada a mu\u00f1eca.<\/p>\n<p>Italia 1950<\/p>\n","protected":false},"featured_media":35577,"template":"","meta":{"_editorskit_title_hidden":false,"_editorskit_reading_time":0,"_editorskit_is_block_options_detached":false,"_editorskit_block_options_position":"{}","inline_featured_image":false},"product_brand":[],"product_cat":[258,325],"product_tag":[],"class_list":{"0":"post-35601","1":"product","2":"type-product","3":"status-publish","4":"has-post-thumbnail","6":"product_cat-mesas","7":"product_cat-consolas","9":"first","10":"instock","11":"shipping-taxable","12":"purchasable","13":"product-type-simple"},"_links":{"self":[{"href":"https:\/\/www.finsdesiecles-artdeco.com\/es\/wp-json\/wp\/v2\/product\/35601","targetHints":{"allow":["GET"]}}],"collection":[{"href":"https:\/\/www.finsdesiecles-artdeco.com\/es\/wp-json\/wp\/v2\/product"}],"about":[{"href":"https:\/\/www.finsdesiecles-artdeco.com\/es\/wp-json\/wp\/v2\/types\/product"}],"wp:featuredmedia":[{"embeddable":true,"href":"https:\/\/www.finsdesiecles-artdeco.com\/es\/wp-json\/wp\/v2\/media\/35577"}],"wp:attachment":[{"href":"https:\/\/www.finsdesiecles-artdeco.com\/es\/wp-json\/wp\/v2\/media?parent=35601"}],"wp:term":[{"taxonomy":"product_brand","embeddable":true,"href":"https:\/\/www.finsdesiecles-artdeco.com\/es\/wp-json\/wp\/v2\/product_brand?post=35601"},{"taxonomy":"product_cat","embeddable":true,"href":"https:\/\/www.finsdesiecles-artdeco.com\/es\/wp-json\/wp\/v2\/product_cat?post=35601"},{"taxonomy":"product_tag","embeddable":true,"href":"https:\/\/www.finsdesiecles-artdeco.com\/es\/wp-json\/wp\/v2\/product_tag?post=35601"}],"curies":[{"name":"wp","href":"https:\/\/api.w.org\/{rel}","templated":true}]}}