{"id":35624,"date":"2025-06-06T14:40:14","date_gmt":"2025-06-06T14:55:53","guid":{"rendered":"https:\/\/www.finsdesiecles-artdeco.com\/?post_type=product&#038;p=35624"},"modified":"2025-06-06T14:55:53","modified_gmt":"2025-06-06T14:55:53","slug":"mesa-auxiliar-o-de-centro-art-deco-francia-1930","status":"publish","type":"product","link":"https:\/\/www.finsdesiecles-artdeco.com\/es\/product\/mesa-auxiliar-o-de-centro-art-deco-francia-1930\/","title":{"rendered":"Mesa auxiliar o de centro Art Dec\u00f3 &#8211; Francia 1930"},"content":{"rendered":"<p>Mesa auxiliar o de centro Art Dec\u00f3 &#8211; Francia 1930<\/p>\n<p><strong>Dimensiones<\/strong><\/p>\n<p><strong>cm<\/strong>\u00a0Diam. 80 x 60<\/p>\n<p><strong>inches<\/strong>\u00a0Diam. 31.50 x 23.62<\/p>\n","protected":false},"excerpt":{"rendered":"<p>Mesa auxiliar o de centro tr\u00edpode Art Dec\u00f3, caoba maciza parcialmente te\u00f1ida y chapada de caoba moteada, con decoraci\u00f3n de filetes de lat\u00f3n pulido en la base. Barnizada a mu\u00f1eca. Calidad muy fina.<\/p>\n<p>En el estilo de Jules Leleu<\/p>\n<p>Francia 1930<\/p>\n<p>&nbsp;<\/p>\n<p><strong>Dimensiones<\/strong><\/p>\n<p><strong>cm<\/strong>\u00a0Diam. 80 x 60<\/p>\n<p><strong>inches<\/strong>\u00a0Diam. 31.50 x 23.62<\/p>\n","protected":false},"featured_media":35607,"template":"","meta":{"_editorskit_title_hidden":false,"_editorskit_reading_time":0,"_editorskit_is_block_options_detached":false,"_editorskit_block_options_position":"{}","inline_featured_image":false},"product_brand":[],"product_cat":[258,259,292],"product_tag":[],"class_list":{"0":"post-35624","1":"product","2":"type-product","3":"status-publish","4":"has-post-thumbnail","6":"product_cat-mesas","7":"product_cat-auxiliares","8":"product_cat-centro","10":"first","11":"instock","12":"shipping-taxable","13":"purchasable","14":"product-type-simple"},"_links":{"self":[{"href":"https:\/\/www.finsdesiecles-artdeco.com\/es\/wp-json\/wp\/v2\/product\/35624","targetHints":{"allow":["GET"]}}],"collection":[{"href":"https:\/\/www.finsdesiecles-artdeco.com\/es\/wp-json\/wp\/v2\/product"}],"about":[{"href":"https:\/\/www.finsdesiecles-artdeco.com\/es\/wp-json\/wp\/v2\/types\/product"}],"wp:featuredmedia":[{"embeddable":true,"href":"https:\/\/www.finsdesiecles-artdeco.com\/es\/wp-json\/wp\/v2\/media\/35607"}],"wp:attachment":[{"href":"https:\/\/www.finsdesiecles-artdeco.com\/es\/wp-json\/wp\/v2\/media?parent=35624"}],"wp:term":[{"taxonomy":"product_brand","embeddable":true,"href":"https:\/\/www.finsdesiecles-artdeco.com\/es\/wp-json\/wp\/v2\/product_brand?post=35624"},{"taxonomy":"product_cat","embeddable":true,"href":"https:\/\/www.finsdesiecles-artdeco.com\/es\/wp-json\/wp\/v2\/product_cat?post=35624"},{"taxonomy":"product_tag","embeddable":true,"href":"https:\/\/www.finsdesiecles-artdeco.com\/es\/wp-json\/wp\/v2\/product_tag?post=35624"}],"curies":[{"name":"wp","href":"https:\/\/api.w.org\/{rel}","templated":true}]}}