{"id":35701,"date":"2025-06-09T14:28:13","date_gmt":"2025-06-09T15:55:00","guid":{"rendered":"https:\/\/www.finsdesiecles-artdeco.com\/?post_type=product&#038;p=35701"},"modified":"2026-03-29T16:50:18","modified_gmt":"2026-03-29T16:50:18","slug":"conjunto-de-4-apliques-de-laton-espana-1960","status":"publish","type":"product","link":"https:\/\/www.finsdesiecles-artdeco.com\/es\/product\/conjunto-de-4-apliques-de-laton-espana-1960\/","title":{"rendered":"Conjunto de 4 apliques de lat\u00f3n &#8211; Espa\u00f1a 1960"},"content":{"rendered":"<p>Conjunto de 4 apliques de lat\u00f3n &#8211; Espa\u00f1a 1960<\/p>\n<p><strong>Dimensiones<\/strong><\/p>\n<p><strong>cm<\/strong> 24,5 x 9 x 28.5 \u2013 pantalla 12,5 (altura)<\/p>\n<p><strong>inches<\/strong> 9.64 x 3.54 x 11.22 \u2013 pantalla 4.92 (altura)<\/p>\n","protected":false},"excerpt":{"rendered":"<p>Conjunto de 4 apliques de lat\u00f3n macizo decorados con motivos grabados, pantallas de pergamino de \u00e9poca cosidas a mano. Muy buena calidad de fabricaci\u00f3n.<\/p>\n<p>Espa\u00f1a circa 1960<\/p>\n<p>&nbsp;<\/p>\n<p><strong>Dimensiones<\/strong><\/p>\n<p><strong>cm<\/strong> 24,5 x 9 x 28.5 \u2013 pantalla 12,5 (altura)<\/p>\n<p><strong>inches<\/strong> 9.64 x 3.54 x 11.22 \u2013 pantalla 4.92 (altura)<\/p>\n","protected":false},"featured_media":41080,"template":"","meta":{"_editorskit_title_hidden":false,"_editorskit_reading_time":0,"_editorskit_is_block_options_detached":false,"_editorskit_block_options_position":"{}","inline_featured_image":false},"product_brand":[],"product_cat":[355,265],"product_tag":[],"class_list":{"0":"post-35701","1":"product","2":"type-product","3":"status-publish","4":"has-post-thumbnail","6":"product_cat-apliques","7":"product_cat-iluminacion","9":"first","10":"instock","11":"shipping-taxable","12":"purchasable","13":"product-type-simple"},"_links":{"self":[{"href":"https:\/\/www.finsdesiecles-artdeco.com\/es\/wp-json\/wp\/v2\/product\/35701","targetHints":{"allow":["GET"]}}],"collection":[{"href":"https:\/\/www.finsdesiecles-artdeco.com\/es\/wp-json\/wp\/v2\/product"}],"about":[{"href":"https:\/\/www.finsdesiecles-artdeco.com\/es\/wp-json\/wp\/v2\/types\/product"}],"wp:featuredmedia":[{"embeddable":true,"href":"https:\/\/www.finsdesiecles-artdeco.com\/es\/wp-json\/wp\/v2\/media\/41080"}],"wp:attachment":[{"href":"https:\/\/www.finsdesiecles-artdeco.com\/es\/wp-json\/wp\/v2\/media?parent=35701"}],"wp:term":[{"taxonomy":"product_brand","embeddable":true,"href":"https:\/\/www.finsdesiecles-artdeco.com\/es\/wp-json\/wp\/v2\/product_brand?post=35701"},{"taxonomy":"product_cat","embeddable":true,"href":"https:\/\/www.finsdesiecles-artdeco.com\/es\/wp-json\/wp\/v2\/product_cat?post=35701"},{"taxonomy":"product_tag","embeddable":true,"href":"https:\/\/www.finsdesiecles-artdeco.com\/es\/wp-json\/wp\/v2\/product_tag?post=35701"}],"curies":[{"name":"wp","href":"https:\/\/api.w.org\/{rel}","templated":true}]}}