{"id":3573,"date":"2016-05-21T16:44:24","date_gmt":"2016-05-21T16:44:24","guid":{"rendered":"https:\/\/www.finsdesiecles-artdeco.com\/?product=jarrones"},"modified":"2023-03-11T11:46:48","modified_gmt":"2023-03-11T11:46:48","slug":"serie-de-3-botellas-de-murano-de-angelo-brotto","status":"publish","type":"product","link":"https:\/\/www.finsdesiecles-artdeco.com\/es\/product\/serie-de-3-botellas-de-murano-de-angelo-brotto\/","title":{"rendered":"Serie de 3 botellas de Murano de Angelo Brotto"},"content":{"rendered":"<p><strong>Angelo Brotto<\/strong> (Venecia, Italia 1914 -2002)<\/p>\n<p>Dise\u00f1ador y artista veneciano conocido por su trabajo en vidrio. Inmediatamente despu\u00e9s de graduarse de la Academia de Bellas Artes de Venecia en 1941, el Ministerio de Asuntos Exteriores italiano le encarg\u00f3 la realizaci\u00f3n de unos frescos en Montenegro. Durante su carrera, gan\u00f3 numerosos premios art\u00edsticos y de dise\u00f1o, como los de B\u00e9rgamo, Cremona, Suzzara y Verona. Su primera exposici\u00f3n de grabados es en Roma. Brotto trabaj\u00f3 con el fabricante de cristal de Murano Esperia en las d\u00e9cadas de 1960 y 1970, y durante esta colaboraci\u00f3n se convirti\u00f3 en un prol\u00edfico dise\u00f1ador de l\u00e1mparas. Estas fueron r\u00e1pidamente aclamadas por capturar la sensibilidad de la \u00e9poca, creando formas modernas, divertidas y art\u00edsticas, y por romper con las formas tradicionales de fabricaci\u00f3n de cristal en Murano.<\/p>\n","protected":false},"excerpt":{"rendered":"<p>Serie de 3 botellas de cristal de Murano amarillo con una base decorativa de bronce dorado que incluye la firma.<\/p>\n<p>Dise\u00f1o: Angelo Brotto<\/p>\n<p>Italia, Murano c. 1970<\/p>\n<p>&nbsp;<\/p>\n<p><strong>Dimensiones<\/strong><\/p>\n<p>Grande: <strong>cm<\/strong> Diam 18 x 44\u00a0 <strong>inches <\/strong>Diam. 7.09 x 17.32<\/p>\n<p>Mediana: <strong>cm<\/strong> Diam 15 x 34 <strong>inches<\/strong> Diam 5.9 x 13.38<\/p>\n<p>Peque\u00f1a:<strong> cm<\/strong> Diam 12 x 22\u00a0 <strong>inches<\/strong> Diam 4.7 x 8.6<\/p>\n","protected":false},"featured_media":29303,"template":"","meta":{"_editorskit_title_hidden":false,"_editorskit_reading_time":0,"_editorskit_is_block_options_detached":false,"_editorskit_block_options_position":"{}","inline_featured_image":false},"product_brand":[],"product_cat":[268,697],"product_tag":[],"class_list":{"0":"post-3573","1":"product","2":"type-product","3":"status-publish","4":"has-post-thumbnail","6":"product_cat-objetos-y-adornos","7":"product_cat-cristal-es","9":"first","10":"instock","11":"purchasable","12":"product-type-simple"},"_links":{"self":[{"href":"https:\/\/www.finsdesiecles-artdeco.com\/es\/wp-json\/wp\/v2\/product\/3573","targetHints":{"allow":["GET"]}}],"collection":[{"href":"https:\/\/www.finsdesiecles-artdeco.com\/es\/wp-json\/wp\/v2\/product"}],"about":[{"href":"https:\/\/www.finsdesiecles-artdeco.com\/es\/wp-json\/wp\/v2\/types\/product"}],"wp:featuredmedia":[{"embeddable":true,"href":"https:\/\/www.finsdesiecles-artdeco.com\/es\/wp-json\/wp\/v2\/media\/29303"}],"wp:attachment":[{"href":"https:\/\/www.finsdesiecles-artdeco.com\/es\/wp-json\/wp\/v2\/media?parent=3573"}],"wp:term":[{"taxonomy":"product_brand","embeddable":true,"href":"https:\/\/www.finsdesiecles-artdeco.com\/es\/wp-json\/wp\/v2\/product_brand?post=3573"},{"taxonomy":"product_cat","embeddable":true,"href":"https:\/\/www.finsdesiecles-artdeco.com\/es\/wp-json\/wp\/v2\/product_cat?post=3573"},{"taxonomy":"product_tag","embeddable":true,"href":"https:\/\/www.finsdesiecles-artdeco.com\/es\/wp-json\/wp\/v2\/product_tag?post=3573"}],"curies":[{"name":"wp","href":"https:\/\/api.w.org\/{rel}","templated":true}]}}