{"id":36783,"date":"2025-08-04T15:14:42","date_gmt":"2025-08-04T15:32:51","guid":{"rendered":"https:\/\/www.finsdesiecles-artdeco.com\/?post_type=product&#038;p=36783"},"modified":"2025-08-04T15:32:52","modified_gmt":"2025-08-04T15:32:52","slug":"pequeno-mueble-esquinero-art-deco-suecia-1930","status":"publish","type":"product","link":"https:\/\/www.finsdesiecles-artdeco.com\/es\/product\/pequeno-mueble-esquinero-art-deco-suecia-1930\/","title":{"rendered":"Peque\u00f1o mueble esquinero Art dec\u00f3 &#8211; Suecia 1930"},"content":{"rendered":"<p>Peque\u00f1o mueble esquinero Art dec\u00f3 &#8211; Suecia 1930<\/p>\n<p><strong>Dimensiones\u00a0<\/strong><\/p>\n<p><strong>cm<\/strong> 77 x 55 \u2013 50 parte central x 71<\/p>\n<p><strong>inches<\/strong> 30.32 x 21.65 \u2013 19.69 parte central x 27.95<\/p>\n","protected":false},"excerpt":{"rendered":"<p>Peque\u00f1o mueble esquinero Art Dec\u00f3, chapado de abedul con marqueter\u00eda de maderas preciosas. Barnizado a mu\u00f1eca.<\/p>\n<p>Suecia circa 1930<\/p>\n<p>&nbsp;<\/p>\n<p><strong>Dimensiones\u00a0<\/strong><\/p>\n<p><strong>cm<\/strong> 77 x 55 \u2013 50 parte central x 71<\/p>\n<p><strong>inches<\/strong> 30.32 x 21.65 \u2013 19.69 parte central x 27.95<\/p>\n","protected":false},"featured_media":36766,"template":"","meta":{"_editorskit_title_hidden":false,"_editorskit_reading_time":0,"_editorskit_is_block_options_detached":false,"_editorskit_block_options_position":"{}","inline_featured_image":false},"product_brand":[],"product_cat":[412,694],"product_tag":[],"class_list":{"0":"post-36783","1":"product","2":"type-product","3":"status-publish","4":"has-post-thumbnail","6":"product_cat-almacenaje","7":"product_cat-gabinetes","9":"first","10":"instock","11":"shipping-taxable","12":"purchasable","13":"product-type-simple"},"_links":{"self":[{"href":"https:\/\/www.finsdesiecles-artdeco.com\/es\/wp-json\/wp\/v2\/product\/36783","targetHints":{"allow":["GET"]}}],"collection":[{"href":"https:\/\/www.finsdesiecles-artdeco.com\/es\/wp-json\/wp\/v2\/product"}],"about":[{"href":"https:\/\/www.finsdesiecles-artdeco.com\/es\/wp-json\/wp\/v2\/types\/product"}],"wp:featuredmedia":[{"embeddable":true,"href":"https:\/\/www.finsdesiecles-artdeco.com\/es\/wp-json\/wp\/v2\/media\/36766"}],"wp:attachment":[{"href":"https:\/\/www.finsdesiecles-artdeco.com\/es\/wp-json\/wp\/v2\/media?parent=36783"}],"wp:term":[{"taxonomy":"product_brand","embeddable":true,"href":"https:\/\/www.finsdesiecles-artdeco.com\/es\/wp-json\/wp\/v2\/product_brand?post=36783"},{"taxonomy":"product_cat","embeddable":true,"href":"https:\/\/www.finsdesiecles-artdeco.com\/es\/wp-json\/wp\/v2\/product_cat?post=36783"},{"taxonomy":"product_tag","embeddable":true,"href":"https:\/\/www.finsdesiecles-artdeco.com\/es\/wp-json\/wp\/v2\/product_tag?post=36783"}],"curies":[{"name":"wp","href":"https:\/\/api.w.org\/{rel}","templated":true}]}}