{"id":3686,"date":"2016-08-31T14:09:57","date_gmt":"2016-08-31T14:09:57","guid":{"rendered":"https:\/\/www.finsdesiecles-artdeco.com\/?product=lamparas-de-pie"},"modified":"2023-02-02T15:30:15","modified_gmt":"2023-02-02T15:30:15","slug":"lampara-de-pie-de-giuseppe-ostuni","status":"publish","type":"product","link":"https:\/\/www.finsdesiecles-artdeco.com\/es\/product\/lampara-de-pie-de-giuseppe-ostuni\/","title":{"rendered":"L\u00e1mpara de pie de Giuseppe Ostuni"},"content":{"rendered":"<p>L\u00e1mpara de pie de Giuseppe Ostuni<\/p>\n<hr \/>\n<p><b>Dimensiones<\/b><\/p>\n<ul>\n<li><b>cm:<\/b> 40 x 37 x 160<\/li>\n<li><b>inches:<\/b> 15.75 x 14.57 x 62.99<\/li>\n<\/ul>\n","protected":false},"excerpt":{"rendered":"<p>Singular l\u00e1mpara de pie, estructura de lat\u00f3n cubierta por piezas de caoba tintada y barnizada a mu\u00f1eca, pantalla orientable de origen renovada.<\/p>\n<p>Dise\u00f1o: Giuseppe Ostuni<\/p>\n<p>Italia c. 1940<\/p>\n<p><b>Dimensiones<\/b><\/p>\n<ul>\n<li><b>cm:<\/b> 40 x 37 x 160<\/li>\n<li><b>inches:<\/b> 15.75 x 14.57 x 62.99<\/li>\n<\/ul>\n","protected":false},"featured_media":19003,"template":"","meta":{"_editorskit_title_hidden":false,"_editorskit_reading_time":0,"_editorskit_is_block_options_detached":false,"_editorskit_block_options_position":"{}","inline_featured_image":false},"product_brand":[],"product_cat":[265,331],"product_tag":[],"class_list":{"0":"post-3686","1":"product","2":"type-product","3":"status-publish","4":"has-post-thumbnail","6":"product_cat-iluminacion","7":"product_cat-lamparas-de-pie","9":"first","10":"instock","11":"purchasable","12":"product-type-simple"},"_links":{"self":[{"href":"https:\/\/www.finsdesiecles-artdeco.com\/es\/wp-json\/wp\/v2\/product\/3686","targetHints":{"allow":["GET"]}}],"collection":[{"href":"https:\/\/www.finsdesiecles-artdeco.com\/es\/wp-json\/wp\/v2\/product"}],"about":[{"href":"https:\/\/www.finsdesiecles-artdeco.com\/es\/wp-json\/wp\/v2\/types\/product"}],"wp:featuredmedia":[{"embeddable":true,"href":"https:\/\/www.finsdesiecles-artdeco.com\/es\/wp-json\/wp\/v2\/media\/19003"}],"wp:attachment":[{"href":"https:\/\/www.finsdesiecles-artdeco.com\/es\/wp-json\/wp\/v2\/media?parent=3686"}],"wp:term":[{"taxonomy":"product_brand","embeddable":true,"href":"https:\/\/www.finsdesiecles-artdeco.com\/es\/wp-json\/wp\/v2\/product_brand?post=3686"},{"taxonomy":"product_cat","embeddable":true,"href":"https:\/\/www.finsdesiecles-artdeco.com\/es\/wp-json\/wp\/v2\/product_cat?post=3686"},{"taxonomy":"product_tag","embeddable":true,"href":"https:\/\/www.finsdesiecles-artdeco.com\/es\/wp-json\/wp\/v2\/product_tag?post=3686"}],"curies":[{"name":"wp","href":"https:\/\/api.w.org\/{rel}","templated":true}]}}