{"id":36861,"date":"2025-08-06T10:18:44","date_gmt":"2025-08-06T10:30:13","guid":{"rendered":"https:\/\/www.finsdesiecles-artdeco.com\/?post_type=product&#038;p=36861"},"modified":"2025-08-06T10:30:13","modified_gmt":"2025-08-06T10:30:13","slug":"banco-cubista-art-deco-barcelona-1930","status":"publish","type":"product","link":"https:\/\/www.finsdesiecles-artdeco.com\/es\/product\/banco-cubista-art-deco-barcelona-1930\/","title":{"rendered":"Banco cubista Art Dec\u00f3 &#8211; Barcelona 1930"},"content":{"rendered":"<p>Banco cubista Art Dec\u00f3 &#8211; Barcelona 1930<\/p>\n<p><strong>Dimensiones<\/strong><\/p>\n<p><strong>cm<\/strong> 130 x 36 x 71 \u2013 41 (asiento)<\/p>\n<p><strong>inches<\/strong> 51.18 x 14.17 x 27.95 \u2013 16.14 (asiento)<\/p>\n","protected":false},"excerpt":{"rendered":"<p>Peque\u00f1o banco cubista Art Dec\u00f3 de haya te\u00f1ida y encerada.<\/p>\n<p>Espa\u00f1a, Barcelona hacia 1930.<\/p>\n<p>&nbsp;<\/p>\n<p><strong>Dimensiones<\/strong><\/p>\n<p><strong>cm<\/strong> 130 x 36 x 71 \u2013 41 (asiento)<\/p>\n<p><strong>inches<\/strong> 51.18 x 14.17 x 27.95 \u2013 16.14 (asiento)<\/p>\n","protected":false},"featured_media":36841,"template":"","meta":{"_editorskit_title_hidden":false,"_editorskit_reading_time":0,"_editorskit_is_block_options_detached":false,"_editorskit_block_options_position":"{}","inline_featured_image":false},"product_brand":[],"product_cat":[252,286],"product_tag":[],"class_list":{"0":"post-36861","1":"product","2":"type-product","3":"status-publish","4":"has-post-thumbnail","6":"product_cat-asientos1643813446","7":"product_cat-banquetas1643813515","9":"first","10":"outofstock","11":"shipping-taxable","12":"product-type-simple"},"_links":{"self":[{"href":"https:\/\/www.finsdesiecles-artdeco.com\/es\/wp-json\/wp\/v2\/product\/36861","targetHints":{"allow":["GET"]}}],"collection":[{"href":"https:\/\/www.finsdesiecles-artdeco.com\/es\/wp-json\/wp\/v2\/product"}],"about":[{"href":"https:\/\/www.finsdesiecles-artdeco.com\/es\/wp-json\/wp\/v2\/types\/product"}],"wp:featuredmedia":[{"embeddable":true,"href":"https:\/\/www.finsdesiecles-artdeco.com\/es\/wp-json\/wp\/v2\/media\/36841"}],"wp:attachment":[{"href":"https:\/\/www.finsdesiecles-artdeco.com\/es\/wp-json\/wp\/v2\/media?parent=36861"}],"wp:term":[{"taxonomy":"product_brand","embeddable":true,"href":"https:\/\/www.finsdesiecles-artdeco.com\/es\/wp-json\/wp\/v2\/product_brand?post=36861"},{"taxonomy":"product_cat","embeddable":true,"href":"https:\/\/www.finsdesiecles-artdeco.com\/es\/wp-json\/wp\/v2\/product_cat?post=36861"},{"taxonomy":"product_tag","embeddable":true,"href":"https:\/\/www.finsdesiecles-artdeco.com\/es\/wp-json\/wp\/v2\/product_tag?post=36861"}],"curies":[{"name":"wp","href":"https:\/\/api.w.org\/{rel}","templated":true}]}}