{"id":36960,"date":"2025-08-12T14:14:17","date_gmt":"2025-08-12T14:25:31","guid":{"rendered":"https:\/\/www.finsdesiecles-artdeco.com\/?post_type=product&#038;p=36960"},"modified":"2025-08-12T14:25:32","modified_gmt":"2025-08-12T14:25:32","slug":"alta-mesa-auxiliar-art-deco-francia-1930-2","status":"publish","type":"product","link":"https:\/\/www.finsdesiecles-artdeco.com\/es\/product\/alta-mesa-auxiliar-art-deco-francia-1930-2\/","title":{"rendered":"Alta mesa auxiliar Art Dec\u00f3 &#8211; Francia 1930"},"content":{"rendered":"<p>Alta mesa auxiliar Art Dec\u00f3 &#8211; Francia 1930<\/p>\n<p><strong>Dimensiones<\/strong><\/p>\n<p><strong>cm<\/strong>\u00a060 x 60 x 74,5<\/p>\n<p><strong>inches<\/strong>\u00a023.62 x 23.62 x 29.33<\/p>\n","protected":false},"excerpt":{"rendered":"<p>Alta mesa auxiliar Art D\u00e9co en caoba maciza con chapado de caoba te\u00f1ido y barnizado a mu\u00f1eca.<\/p>\n<p>Francia, 1930.<\/p>\n<p>&nbsp;<\/p>\n<p><strong>Dimensiones<\/strong><\/p>\n<p><strong>cm<\/strong>\u00a060 x 60 x 74,5<\/p>\n<p><strong>inches<\/strong>\u00a023.62 x 23.62 x 29.33<\/p>\n","protected":false},"featured_media":36943,"template":"","meta":{"_editorskit_title_hidden":false,"_editorskit_reading_time":0,"_editorskit_is_block_options_detached":false,"_editorskit_block_options_position":"{}","inline_featured_image":false},"product_brand":[],"product_cat":[258,259],"product_tag":[],"class_list":{"0":"post-36960","1":"product","2":"type-product","3":"status-publish","4":"has-post-thumbnail","6":"product_cat-mesas","7":"product_cat-auxiliares","9":"first","10":"instock","11":"shipping-taxable","12":"purchasable","13":"product-type-simple"},"_links":{"self":[{"href":"https:\/\/www.finsdesiecles-artdeco.com\/es\/wp-json\/wp\/v2\/product\/36960","targetHints":{"allow":["GET"]}}],"collection":[{"href":"https:\/\/www.finsdesiecles-artdeco.com\/es\/wp-json\/wp\/v2\/product"}],"about":[{"href":"https:\/\/www.finsdesiecles-artdeco.com\/es\/wp-json\/wp\/v2\/types\/product"}],"wp:featuredmedia":[{"embeddable":true,"href":"https:\/\/www.finsdesiecles-artdeco.com\/es\/wp-json\/wp\/v2\/media\/36943"}],"wp:attachment":[{"href":"https:\/\/www.finsdesiecles-artdeco.com\/es\/wp-json\/wp\/v2\/media?parent=36960"}],"wp:term":[{"taxonomy":"product_brand","embeddable":true,"href":"https:\/\/www.finsdesiecles-artdeco.com\/es\/wp-json\/wp\/v2\/product_brand?post=36960"},{"taxonomy":"product_cat","embeddable":true,"href":"https:\/\/www.finsdesiecles-artdeco.com\/es\/wp-json\/wp\/v2\/product_cat?post=36960"},{"taxonomy":"product_tag","embeddable":true,"href":"https:\/\/www.finsdesiecles-artdeco.com\/es\/wp-json\/wp\/v2\/product_tag?post=36960"}],"curies":[{"name":"wp","href":"https:\/\/api.w.org\/{rel}","templated":true}]}}