{"id":37001,"date":"2025-08-13T11:35:20","date_gmt":"2025-08-13T11:56:52","guid":{"rendered":"https:\/\/www.finsdesiecles-artdeco.com\/?post_type=product&#038;p=37001"},"modified":"2025-08-13T11:56:52","modified_gmt":"2025-08-13T11:56:52","slug":"lampara-en-plata-de-ley-de-casa-bagues-barcelona-1960","status":"publish","type":"product","link":"https:\/\/www.finsdesiecles-artdeco.com\/es\/product\/lampara-en-plata-de-ley-de-casa-bagues-barcelona-1960\/","title":{"rendered":"L\u00e1mpara en plata de Ley de Casa Bagu\u00e9s &#8211; Barcelona 1960"},"content":{"rendered":"<p>L\u00e1mpara en plata de Ley de Casa Bagu\u00e9s &#8211; Barcelona 1960<\/p>\n<p><strong>Dimensiones\u00a0<\/strong><\/p>\n<p><strong>cm<\/strong>\u00a0Diam 50 x 60,5<\/p>\n<p><strong>inches<\/strong>\u00a0Diam 19.69 x 23.82<\/p>\n","protected":false},"excerpt":{"rendered":"<p>Gran l\u00e1mpara de mesa en plata maciza, base y cabujones de esmalte rojo, electricidad y pantalla renovadas. Sellos ilegibles.<\/p>\n<p>Casa Bagu\u00e9s<\/p>\n<p>Espa\u00f1a, Barcelona, hacia 1960<\/p>\n<p>&nbsp;<\/p>\n<p><strong>Dimensiones\u00a0<\/strong><\/p>\n<p><strong>cm<\/strong>\u00a0Diam 50 x 60,5<\/p>\n<p><strong>inches<\/strong>\u00a0Diam 19.69 x 23.82<\/p>\n","protected":false},"featured_media":37000,"template":"","meta":{"_editorskit_title_hidden":false,"_editorskit_reading_time":0,"_editorskit_is_block_options_detached":false,"_editorskit_block_options_position":"{}","inline_featured_image":false},"product_brand":[],"product_cat":[334,265],"product_tag":[],"class_list":{"0":"post-37001","1":"product","2":"type-product","3":"status-publish","4":"has-post-thumbnail","6":"product_cat-lamparas-de-mesa","7":"product_cat-iluminacion","9":"first","10":"instock","11":"shipping-taxable","12":"purchasable","13":"product-type-simple"},"_links":{"self":[{"href":"https:\/\/www.finsdesiecles-artdeco.com\/es\/wp-json\/wp\/v2\/product\/37001","targetHints":{"allow":["GET"]}}],"collection":[{"href":"https:\/\/www.finsdesiecles-artdeco.com\/es\/wp-json\/wp\/v2\/product"}],"about":[{"href":"https:\/\/www.finsdesiecles-artdeco.com\/es\/wp-json\/wp\/v2\/types\/product"}],"wp:featuredmedia":[{"embeddable":true,"href":"https:\/\/www.finsdesiecles-artdeco.com\/es\/wp-json\/wp\/v2\/media\/37000"}],"wp:attachment":[{"href":"https:\/\/www.finsdesiecles-artdeco.com\/es\/wp-json\/wp\/v2\/media?parent=37001"}],"wp:term":[{"taxonomy":"product_brand","embeddable":true,"href":"https:\/\/www.finsdesiecles-artdeco.com\/es\/wp-json\/wp\/v2\/product_brand?post=37001"},{"taxonomy":"product_cat","embeddable":true,"href":"https:\/\/www.finsdesiecles-artdeco.com\/es\/wp-json\/wp\/v2\/product_cat?post=37001"},{"taxonomy":"product_tag","embeddable":true,"href":"https:\/\/www.finsdesiecles-artdeco.com\/es\/wp-json\/wp\/v2\/product_tag?post=37001"}],"curies":[{"name":"wp","href":"https:\/\/api.w.org\/{rel}","templated":true}]}}