{"id":37162,"date":"2025-08-26T16:12:31","date_gmt":"2025-08-26T16:22:41","guid":{"rendered":"https:\/\/www.finsdesiecles-artdeco.com\/?post_type=product&#038;p=37162"},"modified":"2025-08-26T16:22:41","modified_gmt":"2025-08-26T16:22:41","slug":"comoda-espana-1970","status":"publish","type":"product","link":"https:\/\/www.finsdesiecles-artdeco.com\/es\/product\/comoda-espana-1970\/","title":{"rendered":"C\u00f3moda &#8211; Espa\u00f1a 1970"},"content":{"rendered":"<p>C\u00f3moda &#8211; Espa\u00f1a 1970<\/p>\n<p><strong>Dimensiones\u00a0<\/strong><\/p>\n<p><strong>cm<\/strong> 100 x 37 + 2 (tiradores) x 62,5<\/p>\n<p><strong>inches<\/strong> 39.37 x 14.57 + 0.79 (tiradores) x 24.60<\/p>\n","protected":false},"excerpt":{"rendered":"<p>Divertida c\u00f3moda de madera maciza y aglomerado lacados en naranja, con tiradores y adornos de metal niquelado.<\/p>\n<p>Espa\u00f1a, 1970.<\/p>\n<p>&nbsp;<\/p>\n<p><strong>Dimensiones\u00a0<\/strong><\/p>\n<p><strong>cm<\/strong> 100 x 37 + 2 (tiradores) x 62,5<\/p>\n<p><strong>inches<\/strong> 39.37 x 14.57 + 0.79 (tiradores) x 24.60<\/p>\n","protected":false},"featured_media":37139,"template":"","meta":{"_editorskit_title_hidden":false,"_editorskit_reading_time":0,"_editorskit_is_block_options_detached":false,"_editorskit_block_options_position":"{}","inline_featured_image":false},"product_brand":[],"product_cat":[412,307],"product_tag":[],"class_list":{"0":"post-37162","1":"product","2":"type-product","3":"status-publish","4":"has-post-thumbnail","6":"product_cat-almacenaje","7":"product_cat-comodas-almacenaje","9":"first","10":"instock","11":"shipping-taxable","12":"purchasable","13":"product-type-simple"},"_links":{"self":[{"href":"https:\/\/www.finsdesiecles-artdeco.com\/es\/wp-json\/wp\/v2\/product\/37162","targetHints":{"allow":["GET"]}}],"collection":[{"href":"https:\/\/www.finsdesiecles-artdeco.com\/es\/wp-json\/wp\/v2\/product"}],"about":[{"href":"https:\/\/www.finsdesiecles-artdeco.com\/es\/wp-json\/wp\/v2\/types\/product"}],"wp:featuredmedia":[{"embeddable":true,"href":"https:\/\/www.finsdesiecles-artdeco.com\/es\/wp-json\/wp\/v2\/media\/37139"}],"wp:attachment":[{"href":"https:\/\/www.finsdesiecles-artdeco.com\/es\/wp-json\/wp\/v2\/media?parent=37162"}],"wp:term":[{"taxonomy":"product_brand","embeddable":true,"href":"https:\/\/www.finsdesiecles-artdeco.com\/es\/wp-json\/wp\/v2\/product_brand?post=37162"},{"taxonomy":"product_cat","embeddable":true,"href":"https:\/\/www.finsdesiecles-artdeco.com\/es\/wp-json\/wp\/v2\/product_cat?post=37162"},{"taxonomy":"product_tag","embeddable":true,"href":"https:\/\/www.finsdesiecles-artdeco.com\/es\/wp-json\/wp\/v2\/product_tag?post=37162"}],"curies":[{"name":"wp","href":"https:\/\/api.w.org\/{rel}","templated":true}]}}