{"id":37283,"date":"2025-09-03T10:09:02","date_gmt":"2025-09-03T10:37:32","guid":{"rendered":"https:\/\/www.finsdesiecles-artdeco.com\/?post_type=product&#038;p=37283"},"modified":"2025-09-03T10:37:32","modified_gmt":"2025-09-03T10:37:32","slug":"escritorio-art-deco-francia-1920","status":"publish","type":"product","link":"https:\/\/www.finsdesiecles-artdeco.com\/es\/product\/escritorio-art-deco-francia-1920\/","title":{"rendered":"Escritorio Art Dec\u00f3 &#8211; Francia 1920"},"content":{"rendered":"<p>Escritorio Art Dec\u00f3 &#8211; Francia 1920<\/p>\n<p><strong>Dimensiones<\/strong><\/p>\n<p><strong>cm<\/strong>\u00a0142 x 75 x 80<\/p>\n<p><strong>inches<\/strong>\u00a055.90 x 29.53 x 31.50<\/p>\n","protected":false},"excerpt":{"rendered":"<p>Escritorio Art D\u00e9co de caoba maciza te\u00f1ida y barnizada a mu\u00f1eca, interiores de roble macizo con 4 cajones y 2 estantes, placas y molduras decorativas originales de madera dorada, z\u00f3calo de lat\u00f3n pulido, placas de entrada de cerradura con motivo de loto en lat\u00f3n pulido. Alfombrilla de escritorio verde original en el sobre.<\/p>\n<p>Francia hacia 1920.<\/p>\n<p>&nbsp;<\/p>\n<p><strong>Dimensiones<\/strong><\/p>\n<p><strong>cm<\/strong>\u00a0142 x 75 x 80<\/p>\n<p><strong>inches<\/strong>\u00a055.90 x 29.53 x 31.50<\/p>\n<p>&nbsp;<\/p>\n","protected":false},"featured_media":37251,"template":"","meta":{"_editorskit_title_hidden":false,"_editorskit_reading_time":0,"_editorskit_is_block_options_detached":false,"_editorskit_block_options_position":"{}","inline_featured_image":false},"product_brand":[],"product_cat":[258,262],"product_tag":[],"class_list":{"0":"post-37283","1":"product","2":"type-product","3":"status-publish","4":"has-post-thumbnail","6":"product_cat-mesas","7":"product_cat-escritorios","9":"first","10":"instock","11":"shipping-taxable","12":"purchasable","13":"product-type-simple"},"_links":{"self":[{"href":"https:\/\/www.finsdesiecles-artdeco.com\/es\/wp-json\/wp\/v2\/product\/37283","targetHints":{"allow":["GET"]}}],"collection":[{"href":"https:\/\/www.finsdesiecles-artdeco.com\/es\/wp-json\/wp\/v2\/product"}],"about":[{"href":"https:\/\/www.finsdesiecles-artdeco.com\/es\/wp-json\/wp\/v2\/types\/product"}],"wp:featuredmedia":[{"embeddable":true,"href":"https:\/\/www.finsdesiecles-artdeco.com\/es\/wp-json\/wp\/v2\/media\/37251"}],"wp:attachment":[{"href":"https:\/\/www.finsdesiecles-artdeco.com\/es\/wp-json\/wp\/v2\/media?parent=37283"}],"wp:term":[{"taxonomy":"product_brand","embeddable":true,"href":"https:\/\/www.finsdesiecles-artdeco.com\/es\/wp-json\/wp\/v2\/product_brand?post=37283"},{"taxonomy":"product_cat","embeddable":true,"href":"https:\/\/www.finsdesiecles-artdeco.com\/es\/wp-json\/wp\/v2\/product_cat?post=37283"},{"taxonomy":"product_tag","embeddable":true,"href":"https:\/\/www.finsdesiecles-artdeco.com\/es\/wp-json\/wp\/v2\/product_tag?post=37283"}],"curies":[{"name":"wp","href":"https:\/\/api.w.org\/{rel}","templated":true}]}}