{"id":37419,"date":"2025-09-10T14:18:31","date_gmt":"2025-09-10T14:31:10","guid":{"rendered":"https:\/\/www.finsdesiecles-artdeco.com\/?post_type=product&#038;p=37419"},"modified":"2025-09-10T14:31:11","modified_gmt":"2025-09-10T14:31:11","slug":"par-de-mesas-de-noche-art-deco-barcelona-1930","status":"publish","type":"product","link":"https:\/\/www.finsdesiecles-artdeco.com\/es\/product\/par-de-mesas-de-noche-art-deco-barcelona-1930\/","title":{"rendered":"Par de mesas de noche Art Dec\u00f3 &#8211; Barcelona 1930"},"content":{"rendered":"<p>Par de mesas de noche Art Dec\u00f3 &#8211; Barcelona 1930<\/p>\n<p><strong>Dimensiones<\/strong><\/p>\n<p><strong>cm<\/strong> 56 x 34 + 3 (tiradores) x 61,5<\/p>\n<p><strong>inches<\/strong> 22.05 x 13.39 + 0.79 (tiradores) x 24.21<\/p>\n","protected":false},"excerpt":{"rendered":"<p>Par de mesitas de noche de caoba maciza y chapado de caoba te\u00f1ido y barnizado a mu\u00f1eca. Interiores con dos cajones y un espacio de almacenamiento de madera clara. Tiradores de lat\u00f3n niquelado.<\/p>\n<p>Espa\u00f1a, Barcelona, hacia 1930<\/p>\n<p>&nbsp;<\/p>\n<p><strong>Dimensiones<\/strong><\/p>\n<p><strong>cm<\/strong> 56 x 34 + 3 (tiradores) x 61,5<\/p>\n<p><strong>inches<\/strong> 22.05 x 13.39 + 0.79 (tiradores) x 24.21<\/p>\n<p>&nbsp;<\/p>\n<p>&nbsp;<\/p>\n","protected":false},"featured_media":37390,"template":"","meta":{"_editorskit_title_hidden":false,"_editorskit_reading_time":0,"_editorskit_is_block_options_detached":false,"_editorskit_block_options_position":"{}","inline_featured_image":false},"product_brand":[],"product_cat":[412,258,271,313],"product_tag":[],"class_list":{"0":"post-37419","1":"product","2":"type-product","3":"status-publish","4":"has-post-thumbnail","6":"product_cat-almacenaje","7":"product_cat-mesas","8":"product_cat-dormitorios","9":"product_cat-mesitas-de-noche","11":"first","12":"instock","13":"shipping-taxable","14":"purchasable","15":"product-type-simple"},"_links":{"self":[{"href":"https:\/\/www.finsdesiecles-artdeco.com\/es\/wp-json\/wp\/v2\/product\/37419","targetHints":{"allow":["GET"]}}],"collection":[{"href":"https:\/\/www.finsdesiecles-artdeco.com\/es\/wp-json\/wp\/v2\/product"}],"about":[{"href":"https:\/\/www.finsdesiecles-artdeco.com\/es\/wp-json\/wp\/v2\/types\/product"}],"wp:featuredmedia":[{"embeddable":true,"href":"https:\/\/www.finsdesiecles-artdeco.com\/es\/wp-json\/wp\/v2\/media\/37390"}],"wp:attachment":[{"href":"https:\/\/www.finsdesiecles-artdeco.com\/es\/wp-json\/wp\/v2\/media?parent=37419"}],"wp:term":[{"taxonomy":"product_brand","embeddable":true,"href":"https:\/\/www.finsdesiecles-artdeco.com\/es\/wp-json\/wp\/v2\/product_brand?post=37419"},{"taxonomy":"product_cat","embeddable":true,"href":"https:\/\/www.finsdesiecles-artdeco.com\/es\/wp-json\/wp\/v2\/product_cat?post=37419"},{"taxonomy":"product_tag","embeddable":true,"href":"https:\/\/www.finsdesiecles-artdeco.com\/es\/wp-json\/wp\/v2\/product_tag?post=37419"}],"curies":[{"name":"wp","href":"https:\/\/api.w.org\/{rel}","templated":true}]}}