{"id":3819,"date":"2017-02-04T19:09:23","date_gmt":"2017-02-04T19:09:23","guid":{"rendered":"https:\/\/www.finsdesiecles-artdeco.com\/?product=objetos"},"modified":"2022-11-03T11:41:04","modified_gmt":"2022-11-03T11:41:04","slug":"ceramica-art-deco-elefantes-de-lemanceau","status":"publish","type":"product","link":"https:\/\/www.finsdesiecles-artdeco.com\/es\/product\/ceramica-art-deco-elefantes-de-lemanceau\/","title":{"rendered":"Elefantes de cer\u00e1mica Art Dec\u00f3 de Lemanceau"},"content":{"rendered":"<p>Elefantes de cer\u00e1mica <em>art dec\u00f3<\/em> de Lemanceau<\/p>\n<hr \/>\n<p><b>Dimensiones<\/b><\/p>\n<ul>\n<li><b>cm:<\/b> 44 x 12 x 30<\/li>\n<li><b>inches:<\/b> 17.32 x 4.72 x 11.81<\/li>\n<\/ul>\n","protected":false},"excerpt":{"rendered":"<p>Gran cer\u00e1mica <em>art dec\u00f3<\/em> esmaltada, representando un elefante y su cr\u00eda, decoraci\u00f3n vegetal de fondo, peque\u00f1os defectos.<\/p>\n<p>Firma: Lemanceau<\/p>\n<p>Francia c. 1930<\/p>\n<p><b>Dimensiones<\/b><\/p>\n<ul>\n<li><b>cm:<\/b> 44 x 12 x 30<\/li>\n<li><b>inches:<\/b> 17.32 x 4.72 x 11.81<\/li>\n<\/ul>\n","protected":false},"featured_media":9253,"template":"","meta":{"_editorskit_title_hidden":false,"_editorskit_reading_time":0,"_editorskit_is_block_options_detached":false,"_editorskit_block_options_position":"{}","inline_featured_image":false},"product_brand":[],"product_cat":[268,463,465],"product_tag":[],"class_list":{"0":"post-3819","1":"product","2":"type-product","3":"status-publish","4":"has-post-thumbnail","6":"product_cat-objetos-y-adornos","7":"product_cat-ceramicas","8":"product_cat-objetos-decorativos","10":"first","11":"instock","12":"purchasable","13":"product-type-simple"},"_links":{"self":[{"href":"https:\/\/www.finsdesiecles-artdeco.com\/es\/wp-json\/wp\/v2\/product\/3819","targetHints":{"allow":["GET"]}}],"collection":[{"href":"https:\/\/www.finsdesiecles-artdeco.com\/es\/wp-json\/wp\/v2\/product"}],"about":[{"href":"https:\/\/www.finsdesiecles-artdeco.com\/es\/wp-json\/wp\/v2\/types\/product"}],"wp:featuredmedia":[{"embeddable":true,"href":"https:\/\/www.finsdesiecles-artdeco.com\/es\/wp-json\/wp\/v2\/media\/9253"}],"wp:attachment":[{"href":"https:\/\/www.finsdesiecles-artdeco.com\/es\/wp-json\/wp\/v2\/media?parent=3819"}],"wp:term":[{"taxonomy":"product_brand","embeddable":true,"href":"https:\/\/www.finsdesiecles-artdeco.com\/es\/wp-json\/wp\/v2\/product_brand?post=3819"},{"taxonomy":"product_cat","embeddable":true,"href":"https:\/\/www.finsdesiecles-artdeco.com\/es\/wp-json\/wp\/v2\/product_cat?post=3819"},{"taxonomy":"product_tag","embeddable":true,"href":"https:\/\/www.finsdesiecles-artdeco.com\/es\/wp-json\/wp\/v2\/product_tag?post=3819"}],"curies":[{"name":"wp","href":"https:\/\/api.w.org\/{rel}","templated":true}]}}