{"id":3837,"date":"2017-02-08T19:13:11","date_gmt":"2017-02-08T19:13:11","guid":{"rendered":"https:\/\/www.finsdesiecles-artdeco.com\/?product=lamparas-de-mesa"},"modified":"2022-11-03T11:12:11","modified_gmt":"2022-11-03T11:12:11","slug":"lampara-de-mesa-reedicion-mazda","status":"publish","type":"product","link":"https:\/\/www.finsdesiecles-artdeco.com\/es\/product\/lampara-de-mesa-reedicion-mazda\/","title":{"rendered":"L\u00e1mpara de mesa reedici\u00f3n Mazda"},"content":{"rendered":"<p>L\u00e1mpara de mesa reedici\u00f3n Mazda<\/p>\n<hr \/>\n<p><b>Dimensiones<\/b><\/p>\n<ul>\n<li><b>cm:<\/b> Diam 25 x 78<\/li>\n<li><b>inches:<\/b> Diam 9.84 x 30.71<\/li>\n<\/ul>\n","protected":false},"excerpt":{"rendered":"<p>Gran l\u00e1mpara de mesa de madera lacada en negro, metal cromado y opalina blanca, reedici\u00f3n del modelo Mazda.<\/p>\n<p>Alemania, finales s. XX<\/p>\n<p><b>Dimensiones<\/b><\/p>\n<ul>\n<li><b>cm:<\/b> Diam 25 x 78<\/li>\n<li><b>inches:<\/b> Diam 9.84 x 30.71<\/li>\n<\/ul>\n","protected":false},"featured_media":9085,"template":"","meta":{"_editorskit_title_hidden":false,"_editorskit_reading_time":0,"_editorskit_is_block_options_detached":false,"_editorskit_block_options_position":"{}","inline_featured_image":false},"product_brand":[],"product_cat":[265,334],"product_tag":[],"class_list":{"0":"post-3837","1":"product","2":"type-product","3":"status-publish","4":"has-post-thumbnail","6":"product_cat-iluminacion","7":"product_cat-lamparas-de-mesa","9":"first","10":"instock","11":"purchasable","12":"product-type-simple"},"_links":{"self":[{"href":"https:\/\/www.finsdesiecles-artdeco.com\/es\/wp-json\/wp\/v2\/product\/3837","targetHints":{"allow":["GET"]}}],"collection":[{"href":"https:\/\/www.finsdesiecles-artdeco.com\/es\/wp-json\/wp\/v2\/product"}],"about":[{"href":"https:\/\/www.finsdesiecles-artdeco.com\/es\/wp-json\/wp\/v2\/types\/product"}],"wp:featuredmedia":[{"embeddable":true,"href":"https:\/\/www.finsdesiecles-artdeco.com\/es\/wp-json\/wp\/v2\/media\/9085"}],"wp:attachment":[{"href":"https:\/\/www.finsdesiecles-artdeco.com\/es\/wp-json\/wp\/v2\/media?parent=3837"}],"wp:term":[{"taxonomy":"product_brand","embeddable":true,"href":"https:\/\/www.finsdesiecles-artdeco.com\/es\/wp-json\/wp\/v2\/product_brand?post=3837"},{"taxonomy":"product_cat","embeddable":true,"href":"https:\/\/www.finsdesiecles-artdeco.com\/es\/wp-json\/wp\/v2\/product_cat?post=3837"},{"taxonomy":"product_tag","embeddable":true,"href":"https:\/\/www.finsdesiecles-artdeco.com\/es\/wp-json\/wp\/v2\/product_tag?post=3837"}],"curies":[{"name":"wp","href":"https:\/\/api.w.org\/{rel}","templated":true}]}}