{"id":38550,"date":"2025-11-05T11:34:30","date_gmt":"2025-11-05T12:10:03","guid":{"rendered":"https:\/\/www.finsdesiecles-artdeco.com\/?post_type=product&#038;p=38550"},"modified":"2025-11-05T12:14:09","modified_gmt":"2025-11-05T12:14:09","slug":"gran-mesa-oval-art-deco-francia-1930","status":"publish","type":"product","link":"https:\/\/www.finsdesiecles-artdeco.com\/es\/product\/gran-mesa-oval-art-deco-francia-1930\/","title":{"rendered":"Gran mesa oval Art Dec\u00f3 &#8211; Francia 1930"},"content":{"rendered":"<p>Gran mesa oval Art Dec\u00f3 &#8211; Francia 1930<\/p>\n<p><strong>Dimensiones<\/strong><\/p>\n<p><strong>cm<\/strong>\u00a0231 x 100 x 75,5<\/p>\n<p><strong>inches<\/strong>\u00a090.95 x 39.37 x 29.72<\/p>\n<p><strong>Mesa abierta<\/strong><\/p>\n<p><strong>cm\u00a0<\/strong> 328 (231 + 97 \u2013 alargos 48,5 cada uno) x 100 x 75,5<\/p>\n<p><strong>inches<\/strong> 129.13 (90.95 + 38.18 \u2013 alargos 19.09 cada uno) x 39.37 x 29.72<\/p>\n","protected":false},"excerpt":{"rendered":"<p>Espectacular gran mesa ovalada \u00abpaquebote\u00bb Art Dec\u00f3 con alargos, madera maciza chapada en palisandro de R\u00edo. Se apoya sobre dos columnas engastadas en su base de lat\u00f3n niquelado y unidas por un tubo niquelado. Calidad y dimensiones excepcionales. Barnizada a mu\u00f1eca.<\/p>\n<p>Francia, 1930.<\/p>\n<p>&nbsp;<\/p>\n<p><strong>Dimensiones<\/strong><\/p>\n<p><strong>cm<\/strong>\u00a0231 x 100 x 75,5<\/p>\n<p><strong>inches<\/strong>\u00a090.95 x 39.37 x 29.72<\/p>\n<p><strong>Mesa abierta<\/strong><\/p>\n<p><strong>cm\u00a0<\/strong> 328 (231 + 97 \u2013 alargos 48,5 cada uno) x 100 x 75,5<\/p>\n<p><strong>inches<\/strong> 129.13 (90.95 + 38.18 \u2013 alargos 19.09 cada uno) x 39.37 x 29.72<\/p>\n","protected":false},"featured_media":38529,"template":"","meta":{"_editorskit_title_hidden":false,"_editorskit_reading_time":0,"_editorskit_is_block_options_detached":false,"_editorskit_block_options_position":"{}","inline_featured_image":false},"product_brand":[],"product_cat":[258,289],"product_tag":[],"class_list":{"0":"post-38550","1":"product","2":"type-product","3":"status-publish","4":"has-post-thumbnail","6":"product_cat-mesas","7":"product_cat-comedor","9":"first","10":"instock","11":"shipping-taxable","12":"purchasable","13":"product-type-simple"},"_links":{"self":[{"href":"https:\/\/www.finsdesiecles-artdeco.com\/es\/wp-json\/wp\/v2\/product\/38550","targetHints":{"allow":["GET"]}}],"collection":[{"href":"https:\/\/www.finsdesiecles-artdeco.com\/es\/wp-json\/wp\/v2\/product"}],"about":[{"href":"https:\/\/www.finsdesiecles-artdeco.com\/es\/wp-json\/wp\/v2\/types\/product"}],"wp:featuredmedia":[{"embeddable":true,"href":"https:\/\/www.finsdesiecles-artdeco.com\/es\/wp-json\/wp\/v2\/media\/38529"}],"wp:attachment":[{"href":"https:\/\/www.finsdesiecles-artdeco.com\/es\/wp-json\/wp\/v2\/media?parent=38550"}],"wp:term":[{"taxonomy":"product_brand","embeddable":true,"href":"https:\/\/www.finsdesiecles-artdeco.com\/es\/wp-json\/wp\/v2\/product_brand?post=38550"},{"taxonomy":"product_cat","embeddable":true,"href":"https:\/\/www.finsdesiecles-artdeco.com\/es\/wp-json\/wp\/v2\/product_cat?post=38550"},{"taxonomy":"product_tag","embeddable":true,"href":"https:\/\/www.finsdesiecles-artdeco.com\/es\/wp-json\/wp\/v2\/product_tag?post=38550"}],"curies":[{"name":"wp","href":"https:\/\/api.w.org\/{rel}","templated":true}]}}