{"id":38689,"date":"2025-11-16T15:00:40","date_gmt":"2025-11-16T15:09:03","guid":{"rendered":"https:\/\/www.finsdesiecles-artdeco.com\/?post_type=product&#038;p=38689"},"modified":"2025-11-16T15:09:03","modified_gmt":"2025-11-16T15:09:03","slug":"aparador-de-tres-puertas-italia-1940","status":"publish","type":"product","link":"https:\/\/www.finsdesiecles-artdeco.com\/es\/product\/aparador-de-tres-puertas-italia-1940\/","title":{"rendered":"Aparador de tres puertas &#8211; Italia 1940"},"content":{"rendered":"<p>Aparador de tres puertas &#8211; Italia 1940<\/p>\n<p><strong>Dimensiones<\/strong><\/p>\n<p><strong>cm<\/strong>\u00a0179 x 45 x 89,5<\/p>\n<p><strong>inches<\/strong>\u00a070.47 x 17.72 x 35.24<\/p>\n","protected":false},"excerpt":{"rendered":"<p>Aparador de tres puertas en cerezo macizo te\u00f1ido y barnizado a mu\u00f1eca, decorado con 36 cuadrados de pergamino. Llaves de lat\u00f3n niquelado.<\/p>\n<p>Italia, hacia 1940.<\/p>\n<p>&nbsp;<\/p>\n<p><strong>Dimensiones<\/strong><\/p>\n<p><strong>cm<\/strong>\u00a0179 x 45 x 89,5<\/p>\n<p><strong>inches<\/strong>\u00a070.47 x 17.72 x 35.24<\/p>\n","protected":false},"featured_media":38669,"template":"","meta":{"_editorskit_title_hidden":false,"_editorskit_reading_time":0,"_editorskit_is_block_options_detached":false,"_editorskit_block_options_position":"{}","inline_featured_image":false},"product_brand":[],"product_cat":[412,274],"product_tag":[],"class_list":{"0":"post-38689","1":"product","2":"type-product","3":"status-publish","4":"has-post-thumbnail","6":"product_cat-almacenaje","7":"product_cat-aparadores","9":"first","10":"instock","11":"shipping-taxable","12":"purchasable","13":"product-type-simple"},"_links":{"self":[{"href":"https:\/\/www.finsdesiecles-artdeco.com\/es\/wp-json\/wp\/v2\/product\/38689","targetHints":{"allow":["GET"]}}],"collection":[{"href":"https:\/\/www.finsdesiecles-artdeco.com\/es\/wp-json\/wp\/v2\/product"}],"about":[{"href":"https:\/\/www.finsdesiecles-artdeco.com\/es\/wp-json\/wp\/v2\/types\/product"}],"wp:featuredmedia":[{"embeddable":true,"href":"https:\/\/www.finsdesiecles-artdeco.com\/es\/wp-json\/wp\/v2\/media\/38669"}],"wp:attachment":[{"href":"https:\/\/www.finsdesiecles-artdeco.com\/es\/wp-json\/wp\/v2\/media?parent=38689"}],"wp:term":[{"taxonomy":"product_brand","embeddable":true,"href":"https:\/\/www.finsdesiecles-artdeco.com\/es\/wp-json\/wp\/v2\/product_brand?post=38689"},{"taxonomy":"product_cat","embeddable":true,"href":"https:\/\/www.finsdesiecles-artdeco.com\/es\/wp-json\/wp\/v2\/product_cat?post=38689"},{"taxonomy":"product_tag","embeddable":true,"href":"https:\/\/www.finsdesiecles-artdeco.com\/es\/wp-json\/wp\/v2\/product_tag?post=38689"}],"curies":[{"name":"wp","href":"https:\/\/api.w.org\/{rel}","templated":true}]}}