{"id":38865,"date":"2025-11-24T12:07:14","date_gmt":"2025-11-24T12:16:03","guid":{"rendered":"https:\/\/www.finsdesiecles-artdeco.com\/?post_type=product&#038;p=38865"},"modified":"2025-11-24T12:16:03","modified_gmt":"2025-11-24T12:16:03","slug":"pequeno-espejo-ovalado-art-deco-francia-1925","status":"publish","type":"product","link":"https:\/\/www.finsdesiecles-artdeco.com\/es\/product\/pequeno-espejo-ovalado-art-deco-francia-1925\/","title":{"rendered":"Peque\u00f1o espejo ovalado Art Dec\u00f3 &#8211; Francia 1925"},"content":{"rendered":"<p>Peque\u00f1o espejo ovalado Art Dec\u00f3 &#8211; Francia 1925<\/p>\n<p><strong>Dimensiones<\/strong><\/p>\n<p><strong>cm<\/strong>\u00a048 x 2 x 74,5<\/p>\n<p><strong>inches<\/strong>\u00a018.90 x 0.79 x 29.33<\/p>\n","protected":false},"excerpt":{"rendered":"<p>Peque\u00f1o espejo ovalado Art Dec\u00f3 de madera maciza tallada y plateada a la hoja, pompones de pasamaner\u00eda, cristal original biselado.<\/p>\n<p>Francia, hacia 1925.<\/p>\n<p>&nbsp;<\/p>\n<p><strong>Dimensiones<\/strong><\/p>\n<p><strong>cm<\/strong>\u00a048 x 2 x 74,5<\/p>\n<p><strong>inches<\/strong>\u00a018.90 x 0.79 x 29.33<\/p>\n","protected":false},"featured_media":38851,"template":"","meta":{"_editorskit_title_hidden":false,"_editorskit_reading_time":0,"_editorskit_is_block_options_detached":false,"_editorskit_block_options_position":"{}","inline_featured_image":false},"product_brand":[],"product_cat":[455,343],"product_tag":[],"class_list":{"0":"post-38865","1":"product","2":"type-product","3":"status-publish","4":"has-post-thumbnail","6":"product_cat-espejos-de-pared","7":"product_cat-espejos1643813618","9":"first","10":"outofstock","11":"shipping-taxable","12":"product-type-simple"},"_links":{"self":[{"href":"https:\/\/www.finsdesiecles-artdeco.com\/es\/wp-json\/wp\/v2\/product\/38865","targetHints":{"allow":["GET"]}}],"collection":[{"href":"https:\/\/www.finsdesiecles-artdeco.com\/es\/wp-json\/wp\/v2\/product"}],"about":[{"href":"https:\/\/www.finsdesiecles-artdeco.com\/es\/wp-json\/wp\/v2\/types\/product"}],"wp:featuredmedia":[{"embeddable":true,"href":"https:\/\/www.finsdesiecles-artdeco.com\/es\/wp-json\/wp\/v2\/media\/38851"}],"wp:attachment":[{"href":"https:\/\/www.finsdesiecles-artdeco.com\/es\/wp-json\/wp\/v2\/media?parent=38865"}],"wp:term":[{"taxonomy":"product_brand","embeddable":true,"href":"https:\/\/www.finsdesiecles-artdeco.com\/es\/wp-json\/wp\/v2\/product_brand?post=38865"},{"taxonomy":"product_cat","embeddable":true,"href":"https:\/\/www.finsdesiecles-artdeco.com\/es\/wp-json\/wp\/v2\/product_cat?post=38865"},{"taxonomy":"product_tag","embeddable":true,"href":"https:\/\/www.finsdesiecles-artdeco.com\/es\/wp-json\/wp\/v2\/product_tag?post=38865"}],"curies":[{"name":"wp","href":"https:\/\/api.w.org\/{rel}","templated":true}]}}