{"id":38952,"date":"2025-11-27T11:28:55","date_gmt":"2025-11-27T11:42:51","guid":{"rendered":"https:\/\/www.finsdesiecles-artdeco.com\/?post_type=product&#038;p=38952"},"modified":"2025-11-27T11:42:51","modified_gmt":"2025-11-27T11:42:51","slug":"gran-jarron-anfora-de-guerin-belgica-1940","status":"publish","type":"product","link":"https:\/\/www.finsdesiecles-artdeco.com\/es\/product\/gran-jarron-anfora-de-guerin-belgica-1940\/","title":{"rendered":"Gran jarr\u00f3n \u00ab\u00e1nfora\u00bb de Gu\u00e9rin &#8211; B\u00e9lgica 1940"},"content":{"rendered":"<p>Gran jarr\u00f3n \u00ab\u00e1nfora\u00bb de Gu\u00e9rin &#8211; B\u00e9lgica 1940<\/p>\n<p><strong>Dimensiones<\/strong><\/p>\n<p><strong>cm<\/strong>\u00a0Diam 25 x 66<\/p>\n<p><strong>inches<\/strong>\u00a0Diam 9.84 x 25.98<\/p>\n","protected":false},"excerpt":{"rendered":"<p>Jarr\u00f3n \u00ab\u00e1nfora\u00bb muy grande de gres a la sal esmaltado con vetas gris-verde-\u00f3xido. Espectacular.<\/p>\n<p>Firmado Gu\u00e9rin 160\/ H.<\/p>\n<p>B\u00e9lgica, hacia 1940.<\/p>\n<p>&nbsp;<\/p>\n<p><strong>Dimensiones<\/strong><\/p>\n<p><strong>cm<\/strong>\u00a0Diam 25 x 66<\/p>\n<p><strong>inches<\/strong>\u00a0Diam 9.84 x 25.98<\/p>\n","protected":false},"featured_media":38934,"template":"","meta":{"_editorskit_title_hidden":false,"_editorskit_reading_time":0,"_editorskit_is_block_options_detached":false,"_editorskit_block_options_position":"{}","inline_featured_image":false},"product_brand":[],"product_cat":[463,268],"product_tag":[],"class_list":{"0":"post-38952","1":"product","2":"type-product","3":"status-publish","4":"has-post-thumbnail","6":"product_cat-ceramicas","7":"product_cat-objetos-y-adornos","9":"first","10":"instock","11":"shipping-taxable","12":"purchasable","13":"product-type-simple"},"_links":{"self":[{"href":"https:\/\/www.finsdesiecles-artdeco.com\/es\/wp-json\/wp\/v2\/product\/38952","targetHints":{"allow":["GET"]}}],"collection":[{"href":"https:\/\/www.finsdesiecles-artdeco.com\/es\/wp-json\/wp\/v2\/product"}],"about":[{"href":"https:\/\/www.finsdesiecles-artdeco.com\/es\/wp-json\/wp\/v2\/types\/product"}],"wp:featuredmedia":[{"embeddable":true,"href":"https:\/\/www.finsdesiecles-artdeco.com\/es\/wp-json\/wp\/v2\/media\/38934"}],"wp:attachment":[{"href":"https:\/\/www.finsdesiecles-artdeco.com\/es\/wp-json\/wp\/v2\/media?parent=38952"}],"wp:term":[{"taxonomy":"product_brand","embeddable":true,"href":"https:\/\/www.finsdesiecles-artdeco.com\/es\/wp-json\/wp\/v2\/product_brand?post=38952"},{"taxonomy":"product_cat","embeddable":true,"href":"https:\/\/www.finsdesiecles-artdeco.com\/es\/wp-json\/wp\/v2\/product_cat?post=38952"},{"taxonomy":"product_tag","embeddable":true,"href":"https:\/\/www.finsdesiecles-artdeco.com\/es\/wp-json\/wp\/v2\/product_tag?post=38952"}],"curies":[{"name":"wp","href":"https:\/\/api.w.org\/{rel}","templated":true}]}}