{"id":39411,"date":"2025-12-29T12:23:55","date_gmt":"2025-12-29T13:12:50","guid":{"rendered":"https:\/\/www.finsdesiecles-artdeco.com\/?post_type=product&#038;p=39411"},"modified":"2025-12-29T13:12:51","modified_gmt":"2025-12-29T13:12:51","slug":"aparador-art-deco-de-3-puertas-francia-1930","status":"publish","type":"product","link":"https:\/\/www.finsdesiecles-artdeco.com\/es\/product\/aparador-art-deco-de-3-puertas-francia-1930\/","title":{"rendered":"Aparador Art Dec\u00f3 de 3 puertas &#8211; Francia 1930"},"content":{"rendered":"<p>Aparador Art Dec\u00f3 de 3 puertas &#8211; Francia 1930<\/p>\n<p><strong>Dimensiones<\/strong><\/p>\n<p><strong>cm<\/strong> 186 (180 + 6 base) x 52,5 x 105,5<\/p>\n<p><strong>inches<\/strong> 73.23 (70.87 + 2.36 base) x 20.67 x 41.54<\/p>\n","protected":false},"excerpt":{"rendered":"<p>Aparador Art D\u00e9co de 3 puertas apoyado en los laterales sobre una base cubista, chapado exterior de palisandro de R\u00edo, interior chapado en nogal, decoraci\u00f3n bajo la puerta central, tiradores, llave y bisagras de lat\u00f3n niquelado, sobre de m\u00e1rmol negro de B\u00e9lgica. Dos cajones interiores. Barnizado a mu\u00f1eca.<\/p>\n<p>Francia, 1930.<\/p>\n<p>&nbsp;<\/p>\n<p><strong>Dimensiones<\/strong><\/p>\n<p><strong>cm<\/strong> 186 (180 + 6 base) x 52,5 x 105,5<\/p>\n<p><strong>inches<\/strong> 73.23 (70.87 + 2.36 base) x 20.67 x 41.54<\/p>\n","protected":false},"featured_media":39381,"template":"","meta":{"_editorskit_title_hidden":false,"_editorskit_reading_time":0,"_editorskit_is_block_options_detached":false,"_editorskit_block_options_position":"{}","inline_featured_image":false},"product_brand":[],"product_cat":[412,274],"product_tag":[],"class_list":{"0":"post-39411","1":"product","2":"type-product","3":"status-publish","4":"has-post-thumbnail","6":"product_cat-almacenaje","7":"product_cat-aparadores","9":"first","10":"instock","11":"shipping-taxable","12":"purchasable","13":"product-type-simple"},"_links":{"self":[{"href":"https:\/\/www.finsdesiecles-artdeco.com\/es\/wp-json\/wp\/v2\/product\/39411","targetHints":{"allow":["GET"]}}],"collection":[{"href":"https:\/\/www.finsdesiecles-artdeco.com\/es\/wp-json\/wp\/v2\/product"}],"about":[{"href":"https:\/\/www.finsdesiecles-artdeco.com\/es\/wp-json\/wp\/v2\/types\/product"}],"wp:featuredmedia":[{"embeddable":true,"href":"https:\/\/www.finsdesiecles-artdeco.com\/es\/wp-json\/wp\/v2\/media\/39381"}],"wp:attachment":[{"href":"https:\/\/www.finsdesiecles-artdeco.com\/es\/wp-json\/wp\/v2\/media?parent=39411"}],"wp:term":[{"taxonomy":"product_brand","embeddable":true,"href":"https:\/\/www.finsdesiecles-artdeco.com\/es\/wp-json\/wp\/v2\/product_brand?post=39411"},{"taxonomy":"product_cat","embeddable":true,"href":"https:\/\/www.finsdesiecles-artdeco.com\/es\/wp-json\/wp\/v2\/product_cat?post=39411"},{"taxonomy":"product_tag","embeddable":true,"href":"https:\/\/www.finsdesiecles-artdeco.com\/es\/wp-json\/wp\/v2\/product_tag?post=39411"}],"curies":[{"name":"wp","href":"https:\/\/api.w.org\/{rel}","templated":true}]}}