{"id":39448,"date":"2025-12-30T10:51:32","date_gmt":"2025-12-30T11:12:13","guid":{"rendered":"https:\/\/www.finsdesiecles-artdeco.com\/?post_type=product&#038;p=39448"},"modified":"2025-12-30T11:12:57","modified_gmt":"2025-12-30T11:12:57","slug":"mesa-alta-art-deco-francia-1925","status":"publish","type":"product","link":"https:\/\/www.finsdesiecles-artdeco.com\/es\/product\/mesa-alta-art-deco-francia-1925\/","title":{"rendered":"Mesa alta Art Dec\u00f3 &#8211; Francia 1925"},"content":{"rendered":"<p>Mesa alta Art Dec\u00f3 &#8211; Francia 1925<\/p>\n<p><strong>Dimensiones<\/strong><\/p>\n<p><strong>cm<\/strong> Diam 50 \/ 54 con patas x 75,5<\/p>\n<p><strong>inches<\/strong> Diam 19.69 \/ 21.26 con patas x 29.72<\/p>\n","protected":false},"excerpt":{"rendered":"<p>Magn\u00edfica mesa alta Art Dec\u00f3 de cerezo macizo con marqueter\u00eda de cerezo en la encimera superior moldeada, patas acanaladas y c\u00f3nicas, muy buena factura, barnizada a mu\u00f1eca.<\/p>\n<p>Francia, hacia 1925.<\/p>\n<p>&nbsp;<\/p>\n<p><strong>Dimensiones<\/strong><\/p>\n<p><strong>cm<\/strong> Diam 50 \/ 54 con patas x 75,5<\/p>\n<p><strong>inches<\/strong> Diam 19.69 \/ 21.26 con patas x 29.72<\/p>\n","protected":false},"featured_media":39425,"template":"","meta":{"_editorskit_title_hidden":false,"_editorskit_reading_time":0,"_editorskit_is_block_options_detached":false,"_editorskit_block_options_position":"{}","inline_featured_image":false},"product_brand":[],"product_cat":[258,259],"product_tag":[],"class_list":{"0":"post-39448","1":"product","2":"type-product","3":"status-publish","4":"has-post-thumbnail","6":"product_cat-mesas","7":"product_cat-auxiliares","9":"first","10":"instock","11":"shipping-taxable","12":"purchasable","13":"product-type-simple"},"_links":{"self":[{"href":"https:\/\/www.finsdesiecles-artdeco.com\/es\/wp-json\/wp\/v2\/product\/39448","targetHints":{"allow":["GET"]}}],"collection":[{"href":"https:\/\/www.finsdesiecles-artdeco.com\/es\/wp-json\/wp\/v2\/product"}],"about":[{"href":"https:\/\/www.finsdesiecles-artdeco.com\/es\/wp-json\/wp\/v2\/types\/product"}],"wp:featuredmedia":[{"embeddable":true,"href":"https:\/\/www.finsdesiecles-artdeco.com\/es\/wp-json\/wp\/v2\/media\/39425"}],"wp:attachment":[{"href":"https:\/\/www.finsdesiecles-artdeco.com\/es\/wp-json\/wp\/v2\/media?parent=39448"}],"wp:term":[{"taxonomy":"product_brand","embeddable":true,"href":"https:\/\/www.finsdesiecles-artdeco.com\/es\/wp-json\/wp\/v2\/product_brand?post=39448"},{"taxonomy":"product_cat","embeddable":true,"href":"https:\/\/www.finsdesiecles-artdeco.com\/es\/wp-json\/wp\/v2\/product_cat?post=39448"},{"taxonomy":"product_tag","embeddable":true,"href":"https:\/\/www.finsdesiecles-artdeco.com\/es\/wp-json\/wp\/v2\/product_tag?post=39448"}],"curies":[{"name":"wp","href":"https:\/\/api.w.org\/{rel}","templated":true}]}}