{"id":39665,"date":"2026-01-12T13:15:47","date_gmt":"2026-01-12T13:32:19","guid":{"rendered":"https:\/\/www.finsdesiecles-artdeco.com\/?post_type=product&#038;p=39665"},"modified":"2026-01-12T13:32:19","modified_gmt":"2026-01-12T13:32:19","slug":"par-de-mesitas-de-noche-art-deco-redondeadas-francia-1930","status":"publish","type":"product","link":"https:\/\/www.finsdesiecles-artdeco.com\/es\/product\/par-de-mesitas-de-noche-art-deco-redondeadas-francia-1930\/","title":{"rendered":"Par de mesitas de noche Art Dec\u00f3 redondeadas &#8211; Francia 1930"},"content":{"rendered":"<p>Par de mesitas de noche Art Dec\u00f3 redondeadas &#8211; Francia 1930<\/p>\n<p><strong>Dimensiones<\/strong><\/p>\n<p><strong>cm<\/strong> 49 x 32 x 54,5 + 5,5 (dorso)<\/p>\n<p><strong>inches<\/strong> 15.75 x 12.60 x 21.45 + 2.17 (dorso)<\/p>\n","protected":false},"excerpt":{"rendered":"<p>Par de mesillas de noche Art Dec\u00f3 redondeadas de caoba maciza chapada de palisandro. Fabricaci\u00f3n y realizaci\u00f3n de gran calidad. Barnizadas a mu\u00f1eca.<\/p>\n<p>Francia, 1930.<\/p>\n<p>&nbsp;<\/p>\n<p><strong>Dimensiones<\/strong><\/p>\n<p><strong>cm<\/strong> 49 x 32 x 54,5 + 5,5 (dorso)<\/p>\n<p><strong>inches<\/strong> 15.75 x 12.60 x 21.45 + 2.17 (dorso)<\/p>\n","protected":false},"featured_media":39645,"template":"","meta":{"_editorskit_title_hidden":false,"_editorskit_reading_time":0,"_editorskit_is_block_options_detached":false,"_editorskit_block_options_position":"{}","inline_featured_image":false},"product_brand":[],"product_cat":[412,258,271,313],"product_tag":[],"class_list":{"0":"post-39665","1":"product","2":"type-product","3":"status-publish","4":"has-post-thumbnail","6":"product_cat-almacenaje","7":"product_cat-mesas","8":"product_cat-dormitorios","9":"product_cat-mesitas-de-noche","11":"first","12":"instock","13":"shipping-taxable","14":"purchasable","15":"product-type-simple"},"_links":{"self":[{"href":"https:\/\/www.finsdesiecles-artdeco.com\/es\/wp-json\/wp\/v2\/product\/39665","targetHints":{"allow":["GET"]}}],"collection":[{"href":"https:\/\/www.finsdesiecles-artdeco.com\/es\/wp-json\/wp\/v2\/product"}],"about":[{"href":"https:\/\/www.finsdesiecles-artdeco.com\/es\/wp-json\/wp\/v2\/types\/product"}],"wp:featuredmedia":[{"embeddable":true,"href":"https:\/\/www.finsdesiecles-artdeco.com\/es\/wp-json\/wp\/v2\/media\/39645"}],"wp:attachment":[{"href":"https:\/\/www.finsdesiecles-artdeco.com\/es\/wp-json\/wp\/v2\/media?parent=39665"}],"wp:term":[{"taxonomy":"product_brand","embeddable":true,"href":"https:\/\/www.finsdesiecles-artdeco.com\/es\/wp-json\/wp\/v2\/product_brand?post=39665"},{"taxonomy":"product_cat","embeddable":true,"href":"https:\/\/www.finsdesiecles-artdeco.com\/es\/wp-json\/wp\/v2\/product_cat?post=39665"},{"taxonomy":"product_tag","embeddable":true,"href":"https:\/\/www.finsdesiecles-artdeco.com\/es\/wp-json\/wp\/v2\/product_tag?post=39665"}],"curies":[{"name":"wp","href":"https:\/\/api.w.org\/{rel}","templated":true}]}}