{"id":3990,"date":"2017-07-18T16:28:32","date_gmt":"2017-07-18T16:28:32","guid":{"rendered":"https:\/\/www.finsdesiecles-artdeco.com\/?product=lamparas-de-mesa"},"modified":"2022-10-29T14:52:47","modified_gmt":"2022-10-29T14:52:47","slug":"pareja-de-lamparas-de-despacho-de-andre-mounique","status":"publish","type":"product","link":"https:\/\/www.finsdesiecles-artdeco.com\/es\/product\/pareja-de-lamparas-de-despacho-de-andre-mounique\/","title":{"rendered":"Pareja de l\u00e1mparas de despacho de Andr\u00e9 Mounique"},"content":{"rendered":"<p>Pareja de l\u00e1mparas de despacho de Andr\u00e9 Mounique<\/p>\n<hr \/>\n<p><b>Dimensiones<\/b><\/p>\n<ul>\n<li><b>cm:<\/b> 42 x 21 x 48<\/li>\n<li><b>inches:<\/b> 16.54 x 8.27 x 18.9<\/li>\n<\/ul>\n","protected":false},"excerpt":{"rendered":"<p>Pareja de l\u00e1mparas de depacho articuladas por dos r\u00f3tulas de lat\u00f3n niquelado, pantallas y bases de acero lacado en negro y blanco, interruptor original.<\/p>\n<p>Dise\u00f1o: Andr\u00e9 Mounique<\/p>\n<p>Fabricante: Maison JUMO<\/p>\n<p>Francia c. 1960<\/p>\n<p><b>Dimensiones<\/b><\/p>\n<ul>\n<li><b>cm:<\/b> 42 x 21 x 48<\/li>\n<li><b>inches:<\/b> 16.54 x 8.27 x 18.9<\/li>\n<\/ul>\n","protected":false},"featured_media":9073,"template":"","meta":{"_editorskit_title_hidden":false,"_editorskit_reading_time":0,"_editorskit_is_block_options_detached":false,"_editorskit_block_options_position":"{}","inline_featured_image":false},"product_brand":[],"product_cat":[265,334],"product_tag":[],"class_list":{"0":"post-3990","1":"product","2":"type-product","3":"status-publish","4":"has-post-thumbnail","6":"product_cat-iluminacion","7":"product_cat-lamparas-de-mesa","9":"first","10":"instock","11":"purchasable","12":"product-type-simple"},"_links":{"self":[{"href":"https:\/\/www.finsdesiecles-artdeco.com\/es\/wp-json\/wp\/v2\/product\/3990","targetHints":{"allow":["GET"]}}],"collection":[{"href":"https:\/\/www.finsdesiecles-artdeco.com\/es\/wp-json\/wp\/v2\/product"}],"about":[{"href":"https:\/\/www.finsdesiecles-artdeco.com\/es\/wp-json\/wp\/v2\/types\/product"}],"wp:featuredmedia":[{"embeddable":true,"href":"https:\/\/www.finsdesiecles-artdeco.com\/es\/wp-json\/wp\/v2\/media\/9073"}],"wp:attachment":[{"href":"https:\/\/www.finsdesiecles-artdeco.com\/es\/wp-json\/wp\/v2\/media?parent=3990"}],"wp:term":[{"taxonomy":"product_brand","embeddable":true,"href":"https:\/\/www.finsdesiecles-artdeco.com\/es\/wp-json\/wp\/v2\/product_brand?post=3990"},{"taxonomy":"product_cat","embeddable":true,"href":"https:\/\/www.finsdesiecles-artdeco.com\/es\/wp-json\/wp\/v2\/product_cat?post=3990"},{"taxonomy":"product_tag","embeddable":true,"href":"https:\/\/www.finsdesiecles-artdeco.com\/es\/wp-json\/wp\/v2\/product_tag?post=3990"}],"curies":[{"name":"wp","href":"https:\/\/api.w.org\/{rel}","templated":true}]}}