{"id":39965,"date":"2026-02-12T12:13:09","date_gmt":"2026-02-12T12:23:22","guid":{"rendered":"https:\/\/www.finsdesiecles-artdeco.com\/?post_type=product&#038;p=39965"},"modified":"2026-02-12T12:23:22","modified_gmt":"2026-02-12T12:23:22","slug":"pequena-lampara-art-deco-belgica-1920","status":"publish","type":"product","link":"https:\/\/www.finsdesiecles-artdeco.com\/es\/product\/pequena-lampara-art-deco-belgica-1920\/","title":{"rendered":"Peque\u00f1a l\u00e1mpara Art Dec\u00f3 &#8211; B\u00e9lgica 1920"},"content":{"rendered":"<p>Peque\u00f1a l\u00e1mpara Art Dec\u00f3 &#8211; B\u00e9lgica 1920<\/p>\n<p><strong>Dimensiones<\/strong><\/p>\n<p><strong>cm<\/strong>\u00a030 x 10,5 x 36<\/p>\n<p><strong>inches<\/strong>\u00a011.81 x 4.13 x 14.17<\/p>\n","protected":false},"excerpt":{"rendered":"<p>Encantadora y peque\u00f1a l\u00e1mpara Art D\u00e9co de hierro forjado y tulipa de pasta de vidrio.<\/p>\n<p>B\u00e9lgica, hacia 1920.<\/p>\n<p>&nbsp;<\/p>\n<p><strong>Dimensiones<\/strong><\/p>\n<p><strong>cm<\/strong>\u00a030 x 10,5 x 36<\/p>\n<p><strong>inches<\/strong>\u00a011.81 x 4.13 x 14.17<\/p>\n","protected":false},"featured_media":39939,"template":"","meta":{"_editorskit_title_hidden":false,"_editorskit_reading_time":0,"_editorskit_is_block_options_detached":false,"_editorskit_block_options_position":"{}","inline_featured_image":false},"product_brand":[],"product_cat":[334,265],"product_tag":[],"class_list":{"0":"post-39965","1":"product","2":"type-product","3":"status-publish","4":"has-post-thumbnail","6":"product_cat-lamparas-de-mesa","7":"product_cat-iluminacion","9":"first","10":"instock","11":"shipping-taxable","12":"purchasable","13":"product-type-simple"},"_links":{"self":[{"href":"https:\/\/www.finsdesiecles-artdeco.com\/es\/wp-json\/wp\/v2\/product\/39965","targetHints":{"allow":["GET"]}}],"collection":[{"href":"https:\/\/www.finsdesiecles-artdeco.com\/es\/wp-json\/wp\/v2\/product"}],"about":[{"href":"https:\/\/www.finsdesiecles-artdeco.com\/es\/wp-json\/wp\/v2\/types\/product"}],"wp:featuredmedia":[{"embeddable":true,"href":"https:\/\/www.finsdesiecles-artdeco.com\/es\/wp-json\/wp\/v2\/media\/39939"}],"wp:attachment":[{"href":"https:\/\/www.finsdesiecles-artdeco.com\/es\/wp-json\/wp\/v2\/media?parent=39965"}],"wp:term":[{"taxonomy":"product_brand","embeddable":true,"href":"https:\/\/www.finsdesiecles-artdeco.com\/es\/wp-json\/wp\/v2\/product_brand?post=39965"},{"taxonomy":"product_cat","embeddable":true,"href":"https:\/\/www.finsdesiecles-artdeco.com\/es\/wp-json\/wp\/v2\/product_cat?post=39965"},{"taxonomy":"product_tag","embeddable":true,"href":"https:\/\/www.finsdesiecles-artdeco.com\/es\/wp-json\/wp\/v2\/product_tag?post=39965"}],"curies":[{"name":"wp","href":"https:\/\/api.w.org\/{rel}","templated":true}]}}