{"id":40009,"date":"2026-02-14T19:08:03","date_gmt":"2026-02-14T19:41:59","guid":{"rendered":"https:\/\/www.finsdesiecles-artdeco.com\/?post_type=product&#038;p=40009"},"modified":"2026-02-14T19:42:38","modified_gmt":"2026-02-14T19:42:38","slug":"pareja-de-mesitas-de-noche-redondas-francia-1940","status":"publish","type":"product","link":"https:\/\/www.finsdesiecles-artdeco.com\/es\/product\/pareja-de-mesitas-de-noche-redondas-francia-1940\/","title":{"rendered":"Pareja de mesitas de noche redondas &#8211; Francia 1940"},"content":{"rendered":"<p>Pareja de mesitas de noche redondas &#8211; Francia 1940<\/p>\n<p><strong>Dimensiones<\/strong><\/p>\n<p><strong>cm<\/strong>\u00a0Diam 40 x 58<\/p>\n<p><strong>inches<\/strong>\u00a0Diam 15.75 x 22.83<\/p>\n","protected":false},"excerpt":{"rendered":"<p>Pareja de mesitas de noche redondas en cerezo macizo y chapado de cerezo, con un caj\u00f3n en el fald\u00f3n, barnizadas a mu\u00f1eca.<\/p>\n<p>Al estilo de Arbus.<\/p>\n<p>Francia, hacia 1940.<\/p>\n<p>&nbsp;<\/p>\n<p><strong>Dimensiones<\/strong><\/p>\n<p><strong>cm<\/strong>\u00a0Diam 40 x 58<\/p>\n<p><strong>inches<\/strong>\u00a0Diam 15.75 x 22.83<\/p>\n","protected":false},"featured_media":39983,"template":"","meta":{"_editorskit_title_hidden":false,"_editorskit_reading_time":0,"_editorskit_is_block_options_detached":false,"_editorskit_block_options_position":"{}","inline_featured_image":false},"product_brand":[],"product_cat":[412,258,271,313],"product_tag":[],"class_list":{"0":"post-40009","1":"product","2":"type-product","3":"status-publish","4":"has-post-thumbnail","6":"product_cat-almacenaje","7":"product_cat-mesas","8":"product_cat-dormitorios","9":"product_cat-mesitas-de-noche","11":"first","12":"instock","13":"shipping-taxable","14":"purchasable","15":"product-type-simple"},"_links":{"self":[{"href":"https:\/\/www.finsdesiecles-artdeco.com\/es\/wp-json\/wp\/v2\/product\/40009","targetHints":{"allow":["GET"]}}],"collection":[{"href":"https:\/\/www.finsdesiecles-artdeco.com\/es\/wp-json\/wp\/v2\/product"}],"about":[{"href":"https:\/\/www.finsdesiecles-artdeco.com\/es\/wp-json\/wp\/v2\/types\/product"}],"wp:featuredmedia":[{"embeddable":true,"href":"https:\/\/www.finsdesiecles-artdeco.com\/es\/wp-json\/wp\/v2\/media\/39983"}],"wp:attachment":[{"href":"https:\/\/www.finsdesiecles-artdeco.com\/es\/wp-json\/wp\/v2\/media?parent=40009"}],"wp:term":[{"taxonomy":"product_brand","embeddable":true,"href":"https:\/\/www.finsdesiecles-artdeco.com\/es\/wp-json\/wp\/v2\/product_brand?post=40009"},{"taxonomy":"product_cat","embeddable":true,"href":"https:\/\/www.finsdesiecles-artdeco.com\/es\/wp-json\/wp\/v2\/product_cat?post=40009"},{"taxonomy":"product_tag","embeddable":true,"href":"https:\/\/www.finsdesiecles-artdeco.com\/es\/wp-json\/wp\/v2\/product_tag?post=40009"}],"curies":[{"name":"wp","href":"https:\/\/api.w.org\/{rel}","templated":true}]}}