{"id":40152,"date":"2026-02-18T14:44:02","date_gmt":"2026-02-18T14:55:33","guid":{"rendered":"https:\/\/www.finsdesiecles-artdeco.com\/?post_type=product&#038;p=40152"},"modified":"2026-02-18T14:55:33","modified_gmt":"2026-02-18T14:55:33","slug":"mesa-auxiliar-tripode-art-deco-francia-1930","status":"publish","type":"product","link":"https:\/\/www.finsdesiecles-artdeco.com\/es\/product\/mesa-auxiliar-tripode-art-deco-francia-1930\/","title":{"rendered":"Mesa auxiliar tr\u00edpode Art Dec\u00f3 &#8211; Francia 1930"},"content":{"rendered":"<p>Mesa auxiliar tr\u00edpode Art Dec\u00f3 &#8211; Francia 1930<\/p>\n<p><strong>Dimensiones<\/strong><\/p>\n<p><strong>cm<\/strong> Diam 73 (66 + 7 patas) x 56<\/p>\n<p><strong>inches<\/strong> 28.74 (25.98 + 2.76 patas) x 22.05<\/p>\n","protected":false},"excerpt":{"rendered":"<p>Mesa auxiliar tr\u00edpode Art D\u00e9co de madera maciza chapada de ra\u00edz de nogal y barnizada a mu\u00f1eca.<\/p>\n<p>Francia, 1930.<\/p>\n<p>&nbsp;<\/p>\n<p><strong>Dimensiones<\/strong><\/p>\n<p><strong>cm<\/strong> Diam 73 (66 + 7 patas) x 56<\/p>\n<p><strong>inches<\/strong> 28.74 (25.98 + 2.76 patas) x 22.05<\/p>\n","protected":false},"featured_media":40129,"template":"","meta":{"_editorskit_title_hidden":false,"_editorskit_reading_time":0,"_editorskit_is_block_options_detached":false,"_editorskit_block_options_position":"{}","inline_featured_image":false},"product_brand":[],"product_cat":[258,259],"product_tag":[],"class_list":{"0":"post-40152","1":"product","2":"type-product","3":"status-publish","4":"has-post-thumbnail","6":"product_cat-mesas","7":"product_cat-auxiliares","9":"first","10":"instock","11":"shipping-taxable","12":"purchasable","13":"product-type-simple"},"_links":{"self":[{"href":"https:\/\/www.finsdesiecles-artdeco.com\/es\/wp-json\/wp\/v2\/product\/40152","targetHints":{"allow":["GET"]}}],"collection":[{"href":"https:\/\/www.finsdesiecles-artdeco.com\/es\/wp-json\/wp\/v2\/product"}],"about":[{"href":"https:\/\/www.finsdesiecles-artdeco.com\/es\/wp-json\/wp\/v2\/types\/product"}],"wp:featuredmedia":[{"embeddable":true,"href":"https:\/\/www.finsdesiecles-artdeco.com\/es\/wp-json\/wp\/v2\/media\/40129"}],"wp:attachment":[{"href":"https:\/\/www.finsdesiecles-artdeco.com\/es\/wp-json\/wp\/v2\/media?parent=40152"}],"wp:term":[{"taxonomy":"product_brand","embeddable":true,"href":"https:\/\/www.finsdesiecles-artdeco.com\/es\/wp-json\/wp\/v2\/product_brand?post=40152"},{"taxonomy":"product_cat","embeddable":true,"href":"https:\/\/www.finsdesiecles-artdeco.com\/es\/wp-json\/wp\/v2\/product_cat?post=40152"},{"taxonomy":"product_tag","embeddable":true,"href":"https:\/\/www.finsdesiecles-artdeco.com\/es\/wp-json\/wp\/v2\/product_tag?post=40152"}],"curies":[{"name":"wp","href":"https:\/\/api.w.org\/{rel}","templated":true}]}}