{"id":40359,"date":"2026-02-25T15:34:45","date_gmt":"2026-02-25T15:59:02","guid":{"rendered":"https:\/\/www.finsdesiecles-artdeco.com\/?post_type=product&#038;p=40359"},"modified":"2026-02-25T15:59:03","modified_gmt":"2026-02-25T15:59:03","slug":"gran-jarron-art-deco-de-hery-belgica-1930","status":"publish","type":"product","link":"https:\/\/www.finsdesiecles-artdeco.com\/es\/product\/gran-jarron-art-deco-de-hery-belgica-1930\/","title":{"rendered":"Gran jarr\u00f3n Art Dec\u00f3 de Hery &#8211; B\u00e9lgica 1930"},"content":{"rendered":"<p>Gran jarr\u00f3n Art Dec\u00f3 de Hery &#8211; B\u00e9lgica 1930<\/p>\n<p><strong>Dimensiones<\/strong><\/p>\n<p><strong>cm<\/strong>\u00a0Diam 26,5 x 52<\/p>\n<p><strong>inches<\/strong>\u00a0Diam 10.43 x 20.47<\/p>\n","protected":false},"excerpt":{"rendered":"<p>Gran jarr\u00f3n Art D\u00e9co de gres esmaltado policromado con decoraci\u00f3n orientalista.<\/p>\n<p>Firmado por Hery.<\/p>\n<p>B\u00e9lgica, Jamioulx, hacia 1930.<\/p>\n<p>&nbsp;<\/p>\n<p><strong>Dimensiones<\/strong><\/p>\n<p><strong>cm<\/strong>\u00a0Diam 26,5 x 52<\/p>\n<p><strong>inches<\/strong>\u00a0Diam 10.43 x 20.47<\/p>\n","protected":false},"featured_media":40330,"template":"","meta":{"_editorskit_title_hidden":false,"_editorskit_reading_time":0,"_editorskit_is_block_options_detached":false,"_editorskit_block_options_position":"{}","inline_featured_image":false},"product_brand":[],"product_cat":[463,268],"product_tag":[],"class_list":{"0":"post-40359","1":"product","2":"type-product","3":"status-publish","4":"has-post-thumbnail","6":"product_cat-ceramicas","7":"product_cat-objetos-y-adornos","9":"first","10":"instock","11":"shipping-taxable","12":"purchasable","13":"product-type-simple"},"_links":{"self":[{"href":"https:\/\/www.finsdesiecles-artdeco.com\/es\/wp-json\/wp\/v2\/product\/40359","targetHints":{"allow":["GET"]}}],"collection":[{"href":"https:\/\/www.finsdesiecles-artdeco.com\/es\/wp-json\/wp\/v2\/product"}],"about":[{"href":"https:\/\/www.finsdesiecles-artdeco.com\/es\/wp-json\/wp\/v2\/types\/product"}],"wp:featuredmedia":[{"embeddable":true,"href":"https:\/\/www.finsdesiecles-artdeco.com\/es\/wp-json\/wp\/v2\/media\/40330"}],"wp:attachment":[{"href":"https:\/\/www.finsdesiecles-artdeco.com\/es\/wp-json\/wp\/v2\/media?parent=40359"}],"wp:term":[{"taxonomy":"product_brand","embeddable":true,"href":"https:\/\/www.finsdesiecles-artdeco.com\/es\/wp-json\/wp\/v2\/product_brand?post=40359"},{"taxonomy":"product_cat","embeddable":true,"href":"https:\/\/www.finsdesiecles-artdeco.com\/es\/wp-json\/wp\/v2\/product_cat?post=40359"},{"taxonomy":"product_tag","embeddable":true,"href":"https:\/\/www.finsdesiecles-artdeco.com\/es\/wp-json\/wp\/v2\/product_tag?post=40359"}],"curies":[{"name":"wp","href":"https:\/\/api.w.org\/{rel}","templated":true}]}}