{"id":40803,"date":"2026-03-19T15:49:42","date_gmt":"2026-03-19T16:08:25","guid":{"rendered":"https:\/\/www.finsdesiecles-artdeco.com\/?post_type=product&#038;p=40803"},"modified":"2026-03-19T16:08:26","modified_gmt":"2026-03-19T16:08:26","slug":"mesa-auxiliar-de-cerezo-francia-1940","status":"publish","type":"product","link":"https:\/\/www.finsdesiecles-artdeco.com\/es\/product\/mesa-auxiliar-de-cerezo-francia-1940\/","title":{"rendered":"Mesa auxiliar de cerezo &#8211; Francia 1940"},"content":{"rendered":"<p>Mesa auxiliar de cerezo &#8211; Francia 1940<\/p>\n<p><strong>Dimensiones<\/strong><\/p>\n<p><strong>cm<\/strong>\u00a0Diam 67,5 x 59,5<\/p>\n<p><strong>inches<\/strong>\u00a0Diam 26.57 x 23.43<\/p>\n","protected":false},"excerpt":{"rendered":"<p>Mesa auxiliar de cerezo macizo con chapado de cerezo salvaje con dise\u00f1o \u00absol\u00bb en el sobre, casquillos de lat\u00f3n pulido, fabricaci\u00f3n de gran calidad, cristal protector original, barnizada a mu\u00f1eca.<\/p>\n<p>Al estilo de Arbus.<\/p>\n<p>Francia, hacia 1940.<\/p>\n<p>&nbsp;<\/p>\n<p><strong>Dimensiones<\/strong><\/p>\n<p><strong>cm<\/strong>\u00a0Diam 67,5 x 59,5<\/p>\n<p><strong>inches<\/strong>\u00a0Diam 26.57 x 23.43<\/p>\n","protected":false},"featured_media":40774,"template":"","meta":{"_editorskit_title_hidden":false,"_editorskit_reading_time":0,"_editorskit_is_block_options_detached":false,"_editorskit_block_options_position":"{}","inline_featured_image":false},"product_brand":[],"product_cat":[258,259],"product_tag":[],"class_list":{"0":"post-40803","1":"product","2":"type-product","3":"status-publish","4":"has-post-thumbnail","6":"product_cat-mesas","7":"product_cat-auxiliares","9":"first","10":"instock","11":"shipping-taxable","12":"purchasable","13":"product-type-simple"},"_links":{"self":[{"href":"https:\/\/www.finsdesiecles-artdeco.com\/es\/wp-json\/wp\/v2\/product\/40803","targetHints":{"allow":["GET"]}}],"collection":[{"href":"https:\/\/www.finsdesiecles-artdeco.com\/es\/wp-json\/wp\/v2\/product"}],"about":[{"href":"https:\/\/www.finsdesiecles-artdeco.com\/es\/wp-json\/wp\/v2\/types\/product"}],"wp:featuredmedia":[{"embeddable":true,"href":"https:\/\/www.finsdesiecles-artdeco.com\/es\/wp-json\/wp\/v2\/media\/40774"}],"wp:attachment":[{"href":"https:\/\/www.finsdesiecles-artdeco.com\/es\/wp-json\/wp\/v2\/media?parent=40803"}],"wp:term":[{"taxonomy":"product_brand","embeddable":true,"href":"https:\/\/www.finsdesiecles-artdeco.com\/es\/wp-json\/wp\/v2\/product_brand?post=40803"},{"taxonomy":"product_cat","embeddable":true,"href":"https:\/\/www.finsdesiecles-artdeco.com\/es\/wp-json\/wp\/v2\/product_cat?post=40803"},{"taxonomy":"product_tag","embeddable":true,"href":"https:\/\/www.finsdesiecles-artdeco.com\/es\/wp-json\/wp\/v2\/product_tag?post=40803"}],"curies":[{"name":"wp","href":"https:\/\/api.w.org\/{rel}","templated":true}]}}