{"id":40982,"date":"2026-03-26T12:53:12","date_gmt":"2026-03-26T13:09:56","guid":{"rendered":"https:\/\/www.finsdesiecles-artdeco.com\/?post_type=product&#038;p=40982"},"modified":"2026-03-26T13:09:56","modified_gmt":"2026-03-26T13:09:56","slug":"pequeno-mueble-bar-art-deco-espana-1930","status":"publish","type":"product","link":"https:\/\/www.finsdesiecles-artdeco.com\/es\/product\/pequeno-mueble-bar-art-deco-espana-1930\/","title":{"rendered":"Peque\u00f1o mueble bar Art D\u00e9co &#8211; Espa\u00f1a 1930"},"content":{"rendered":"<p>Peque\u00f1o mueble bar Art D\u00e9co &#8211; Espa\u00f1a 1930<\/p>\n<p><strong>Dimensiones<\/strong><\/p>\n<p><strong>cm<\/strong> 109 (85 + 24 estantes) x 30 x 78<\/p>\n<p><strong>inches<\/strong> 42.91 (33.46 + 9.45 estantes) x 11.81 x 30.71<\/p>\n","protected":false},"excerpt":{"rendered":"<p>Peque\u00f1o mueble bar Art D\u00e9co de madera maciza chapada en nogal, con z\u00f3calo de madera ennegrecida, tiradores y bisagras de lat\u00f3n niquelado. Barnizado a mu\u00f1eca.<\/p>\n<p>Espa\u00f1a, hacia 1930.<\/p>\n<p>&nbsp;<\/p>\n<p><strong>Dimensiones<\/strong><\/p>\n<p><strong>cm<\/strong> 109 (85 + 24 estantes) x 30 x 78<\/p>\n<p><strong>inches<\/strong> 42.91 (33.46 + 9.45 estantes) x 11.81 x 30.71<\/p>\n","protected":false},"featured_media":40959,"template":"","meta":{"_editorskit_title_hidden":false,"_editorskit_reading_time":0,"_editorskit_is_block_options_detached":false,"_editorskit_block_options_position":"{}","inline_featured_image":false},"product_brand":[],"product_cat":[277,319],"product_tag":[],"class_list":{"0":"post-40982","1":"product","2":"type-product","3":"status-publish","4":"has-post-thumbnail","6":"product_cat-auxiliares1643813499","7":"product_cat-muebles-bar","9":"first","10":"instock","11":"shipping-taxable","12":"purchasable","13":"product-type-simple"},"_links":{"self":[{"href":"https:\/\/www.finsdesiecles-artdeco.com\/es\/wp-json\/wp\/v2\/product\/40982","targetHints":{"allow":["GET"]}}],"collection":[{"href":"https:\/\/www.finsdesiecles-artdeco.com\/es\/wp-json\/wp\/v2\/product"}],"about":[{"href":"https:\/\/www.finsdesiecles-artdeco.com\/es\/wp-json\/wp\/v2\/types\/product"}],"wp:featuredmedia":[{"embeddable":true,"href":"https:\/\/www.finsdesiecles-artdeco.com\/es\/wp-json\/wp\/v2\/media\/40959"}],"wp:attachment":[{"href":"https:\/\/www.finsdesiecles-artdeco.com\/es\/wp-json\/wp\/v2\/media?parent=40982"}],"wp:term":[{"taxonomy":"product_brand","embeddable":true,"href":"https:\/\/www.finsdesiecles-artdeco.com\/es\/wp-json\/wp\/v2\/product_brand?post=40982"},{"taxonomy":"product_cat","embeddable":true,"href":"https:\/\/www.finsdesiecles-artdeco.com\/es\/wp-json\/wp\/v2\/product_cat?post=40982"},{"taxonomy":"product_tag","embeddable":true,"href":"https:\/\/www.finsdesiecles-artdeco.com\/es\/wp-json\/wp\/v2\/product_tag?post=40982"}],"curies":[{"name":"wp","href":"https:\/\/api.w.org\/{rel}","templated":true}]}}