{"id":41109,"date":"2026-03-30T15:20:58","date_gmt":"2026-03-30T15:30:08","guid":{"rendered":"https:\/\/www.finsdesiecles-artdeco.com\/?post_type=product&#038;p=41109"},"modified":"2026-03-30T15:30:08","modified_gmt":"2026-03-30T15:30:08","slug":"jarron-de-gregoire-lebon-belgica-1940","status":"publish","type":"product","link":"https:\/\/www.finsdesiecles-artdeco.com\/es\/product\/jarron-de-gregoire-lebon-belgica-1940\/","title":{"rendered":"Jarr\u00f3n de Gr\u00e9goire Lebon &#8211; B\u00e9lgica 1940"},"content":{"rendered":"<p>Jarr\u00f3n de Gr\u00e9goire Lebon &#8211; B\u00e9lgica 1940<\/p>\n<p><strong>Dimensiones<\/strong><\/p>\n<p><strong>cm<\/strong>\u00a0Diam 22 x 40<\/p>\n<p><strong>inches<\/strong>\u00a0Diam 8.66 x 15.75<\/p>\n","protected":false},"excerpt":{"rendered":"<p>Jarr\u00f3n de gres esmaltado en tonos azules.<\/p>\n<p>Firmado por Gr\u00e9goire Lebon.<\/p>\n<p>B\u00e9lgica, hacia 1940<\/p>\n<p>&nbsp;<\/p>\n<p><strong>Dimensiones<\/strong><\/p>\n<p><strong>cm<\/strong>\u00a0Diam 22 x 40<\/p>\n<p><strong>inches<\/strong>\u00a0Diam 8.66 x 15.75<\/p>\n","protected":false},"featured_media":41091,"template":"","meta":{"_editorskit_title_hidden":false,"_editorskit_reading_time":0,"_editorskit_is_block_options_detached":false,"_editorskit_block_options_position":"{}","inline_featured_image":false},"product_brand":[],"product_cat":[463,268],"product_tag":[],"class_list":{"0":"post-41109","1":"product","2":"type-product","3":"status-publish","4":"has-post-thumbnail","6":"product_cat-ceramicas","7":"product_cat-objetos-y-adornos","9":"first","10":"instock","11":"shipping-taxable","12":"purchasable","13":"product-type-simple"},"_links":{"self":[{"href":"https:\/\/www.finsdesiecles-artdeco.com\/es\/wp-json\/wp\/v2\/product\/41109","targetHints":{"allow":["GET"]}}],"collection":[{"href":"https:\/\/www.finsdesiecles-artdeco.com\/es\/wp-json\/wp\/v2\/product"}],"about":[{"href":"https:\/\/www.finsdesiecles-artdeco.com\/es\/wp-json\/wp\/v2\/types\/product"}],"wp:featuredmedia":[{"embeddable":true,"href":"https:\/\/www.finsdesiecles-artdeco.com\/es\/wp-json\/wp\/v2\/media\/41091"}],"wp:attachment":[{"href":"https:\/\/www.finsdesiecles-artdeco.com\/es\/wp-json\/wp\/v2\/media?parent=41109"}],"wp:term":[{"taxonomy":"product_brand","embeddable":true,"href":"https:\/\/www.finsdesiecles-artdeco.com\/es\/wp-json\/wp\/v2\/product_brand?post=41109"},{"taxonomy":"product_cat","embeddable":true,"href":"https:\/\/www.finsdesiecles-artdeco.com\/es\/wp-json\/wp\/v2\/product_cat?post=41109"},{"taxonomy":"product_tag","embeddable":true,"href":"https:\/\/www.finsdesiecles-artdeco.com\/es\/wp-json\/wp\/v2\/product_tag?post=41109"}],"curies":[{"name":"wp","href":"https:\/\/api.w.org\/{rel}","templated":true}]}}