{"id":41273,"date":"2026-04-09T11:18:28","date_gmt":"2026-04-09T11:24:36","guid":{"rendered":"https:\/\/www.finsdesiecles-artdeco.com\/?post_type=product&#038;p=41273"},"modified":"2026-04-09T16:10:20","modified_gmt":"2026-04-09T16:10:20","slug":"pequeno-espejo-de-laton-espana-1960","status":"publish","type":"product","link":"https:\/\/www.finsdesiecles-artdeco.com\/es\/product\/pequeno-espejo-de-laton-espana-1960\/","title":{"rendered":"Peque\u00f1o espejo de lat\u00f3n &#8211; Espa\u00f1a 1960"},"content":{"rendered":"<p>Peque\u00f1o espejo de lat\u00f3n &#8211; Espa\u00f1a 1960<\/p>\n<p><strong>Dimensiones<\/strong><\/p>\n<p><strong>cm<\/strong>\u00a0Diam 50 x 1,5<\/p>\n<p><strong>inches<\/strong>\u00a0Diam 19.68 x 0.59<\/p>\n","protected":false},"excerpt":{"rendered":"<p>Peque\u00f1o espejo de lat\u00f3n macizo grabado, con reverso de aglomerado. P\u00e1tina original.<\/p>\n<p>Espa\u00f1a, 1960<\/p>\n<p>&nbsp;<\/p>\n<p><strong>Dimensiones<\/strong><\/p>\n<p><strong>cm<\/strong>\u00a0Diam 50 x 1,5<\/p>\n<p><strong>inches<\/strong>\u00a0Diam 19.68 x 0.59<\/p>\n<p>&nbsp;<\/p>\n","protected":false},"featured_media":41262,"template":"","meta":{"_editorskit_title_hidden":false,"_editorskit_reading_time":0,"_editorskit_is_block_options_detached":false,"_editorskit_block_options_position":"{}","inline_featured_image":false},"product_brand":[],"product_cat":[455,343],"product_tag":[],"class_list":{"0":"post-41273","1":"product","2":"type-product","3":"status-publish","4":"has-post-thumbnail","6":"product_cat-espejos-de-pared","7":"product_cat-espejos1643813618","9":"first","10":"instock","11":"shipping-taxable","12":"purchasable","13":"product-type-simple"},"_links":{"self":[{"href":"https:\/\/www.finsdesiecles-artdeco.com\/es\/wp-json\/wp\/v2\/product\/41273","targetHints":{"allow":["GET"]}}],"collection":[{"href":"https:\/\/www.finsdesiecles-artdeco.com\/es\/wp-json\/wp\/v2\/product"}],"about":[{"href":"https:\/\/www.finsdesiecles-artdeco.com\/es\/wp-json\/wp\/v2\/types\/product"}],"wp:featuredmedia":[{"embeddable":true,"href":"https:\/\/www.finsdesiecles-artdeco.com\/es\/wp-json\/wp\/v2\/media\/41262"}],"wp:attachment":[{"href":"https:\/\/www.finsdesiecles-artdeco.com\/es\/wp-json\/wp\/v2\/media?parent=41273"}],"wp:term":[{"taxonomy":"product_brand","embeddable":true,"href":"https:\/\/www.finsdesiecles-artdeco.com\/es\/wp-json\/wp\/v2\/product_brand?post=41273"},{"taxonomy":"product_cat","embeddable":true,"href":"https:\/\/www.finsdesiecles-artdeco.com\/es\/wp-json\/wp\/v2\/product_cat?post=41273"},{"taxonomy":"product_tag","embeddable":true,"href":"https:\/\/www.finsdesiecles-artdeco.com\/es\/wp-json\/wp\/v2\/product_tag?post=41273"}],"curies":[{"name":"wp","href":"https:\/\/api.w.org\/{rel}","templated":true}]}}