{"id":41399,"date":"2026-04-27T15:13:16","date_gmt":"2026-04-27T16:16:10","guid":{"rendered":"https:\/\/www.finsdesiecles-artdeco.com\/?post_type=product&#038;p=41399"},"modified":"2026-04-27T16:16:10","modified_gmt":"2026-04-27T16:16:10","slug":"gran-aparador-art-deco-italia-1930","status":"publish","type":"product","link":"https:\/\/www.finsdesiecles-artdeco.com\/es\/product\/gran-aparador-art-deco-italia-1930\/","title":{"rendered":"Gran aparador Art Dec\u00f3 &#8211; Italia 1930"},"content":{"rendered":"<p>Gran aparador Art Dec\u00f3 &#8211; Italia 1930<\/p>\n<p><strong>Dimensiones<\/strong><\/p>\n<p><strong>cm<\/strong> 248 x 60 (57 + 3 tiradores) x 100 \u2013 106 extremos<\/p>\n<p><strong>inches<\/strong> 97.64 x 22.62 (22.44 + 1.18 tiradores) x 39.37 \u2013 41.73 extremos<\/p>\n","protected":false},"excerpt":{"rendered":"<p>Gran aparador Art D\u00e9co desmontable, chapado en palisandro, con 4 puertas chapadas en arce moteado (la puerta de la derecha alberga 6 cajones de nogal), sobre de opalina negra (peque\u00f1a mella en una esquina), tiradores y herrajes de lat\u00f3n niquelado, barnizado a mu\u00f1eca.<\/p>\n<p>Italia, 1930<\/p>\n<p>&nbsp;<\/p>\n<p><strong>Dimensiones<\/strong><\/p>\n<p><strong>cm<\/strong> 248 x 60 (57 + 3 tiradores) x 100 \u2013 106 extremos<\/p>\n<p><strong>inches<\/strong> 97.64 x 22.62 (22.44 + 1.18 tiradores) x 39.37 \u2013 41.73 extremos<\/p>\n","protected":false},"featured_media":41364,"template":"","meta":{"_editorskit_title_hidden":false,"_editorskit_reading_time":0,"_editorskit_is_block_options_detached":false,"_editorskit_block_options_position":"{}","inline_featured_image":false},"product_brand":[],"product_cat":[412,274],"product_tag":[],"class_list":{"0":"post-41399","1":"product","2":"type-product","3":"status-publish","4":"has-post-thumbnail","6":"product_cat-almacenaje","7":"product_cat-aparadores","9":"first","10":"instock","11":"shipping-taxable","12":"purchasable","13":"product-type-simple"},"_links":{"self":[{"href":"https:\/\/www.finsdesiecles-artdeco.com\/es\/wp-json\/wp\/v2\/product\/41399","targetHints":{"allow":["GET"]}}],"collection":[{"href":"https:\/\/www.finsdesiecles-artdeco.com\/es\/wp-json\/wp\/v2\/product"}],"about":[{"href":"https:\/\/www.finsdesiecles-artdeco.com\/es\/wp-json\/wp\/v2\/types\/product"}],"wp:featuredmedia":[{"embeddable":true,"href":"https:\/\/www.finsdesiecles-artdeco.com\/es\/wp-json\/wp\/v2\/media\/41364"}],"wp:attachment":[{"href":"https:\/\/www.finsdesiecles-artdeco.com\/es\/wp-json\/wp\/v2\/media?parent=41399"}],"wp:term":[{"taxonomy":"product_brand","embeddable":true,"href":"https:\/\/www.finsdesiecles-artdeco.com\/es\/wp-json\/wp\/v2\/product_brand?post=41399"},{"taxonomy":"product_cat","embeddable":true,"href":"https:\/\/www.finsdesiecles-artdeco.com\/es\/wp-json\/wp\/v2\/product_cat?post=41399"},{"taxonomy":"product_tag","embeddable":true,"href":"https:\/\/www.finsdesiecles-artdeco.com\/es\/wp-json\/wp\/v2\/product_tag?post=41399"}],"curies":[{"name":"wp","href":"https:\/\/api.w.org\/{rel}","templated":true}]}}