{"id":41437,"date":"2026-04-29T11:08:29","date_gmt":"2026-04-29T11:27:50","guid":{"rendered":"https:\/\/www.finsdesiecles-artdeco.com\/?post_type=product&#038;p=41437"},"modified":"2026-04-29T11:29:17","modified_gmt":"2026-04-29T11:29:17","slug":"pequeno-divan-italia-1950","status":"publish","type":"product","link":"https:\/\/www.finsdesiecles-artdeco.com\/es\/product\/pequeno-divan-italia-1950\/","title":{"rendered":"Peque\u00f1o div\u00e1n &#8211; Italia 1950"},"content":{"rendered":"<p>Peque\u00f1o div\u00e1n &#8211; Italia 1950<\/p>\n<p><strong>Dimensiones<\/strong><\/p>\n<p><strong>cm<\/strong> 150 x 86 x 72 \/ asiento 34<\/p>\n<p><strong>inches<\/strong> 59.06 x 33.86 x 28.35 \/ asiento 13.39<\/p>\n","protected":false},"excerpt":{"rendered":"<p>Precioso peque\u00f1o div\u00e1n con estructura de madera totalmente restaurado (correas, espuma y tapizado) en tejido de rizo color amarillo mostaza. Patas de lat\u00f3n pulido.<\/p>\n<p>Italia, hacia 1950.<\/p>\n<p>&nbsp;<\/p>\n<p><strong>Dimensiones<\/strong><\/p>\n<p><strong>cm<\/strong> 150 x 86 x 72 \/ asiento 34<\/p>\n<p><strong>inches<\/strong> 59.06 x 33.86 x 28.35 \/ asiento 13.39<\/p>\n","protected":false},"featured_media":41440,"template":"","meta":{"_editorskit_title_hidden":false,"_editorskit_reading_time":0,"_editorskit_is_block_options_detached":false,"_editorskit_block_options_position":"{}","inline_featured_image":false},"product_brand":[],"product_cat":[252,283],"product_tag":[],"class_list":{"0":"post-41437","1":"product","2":"type-product","3":"status-publish","4":"has-post-thumbnail","6":"product_cat-asientos1643813446","7":"product_cat-sofas","9":"first","10":"instock","11":"shipping-taxable","12":"purchasable","13":"product-type-simple"},"_links":{"self":[{"href":"https:\/\/www.finsdesiecles-artdeco.com\/es\/wp-json\/wp\/v2\/product\/41437","targetHints":{"allow":["GET"]}}],"collection":[{"href":"https:\/\/www.finsdesiecles-artdeco.com\/es\/wp-json\/wp\/v2\/product"}],"about":[{"href":"https:\/\/www.finsdesiecles-artdeco.com\/es\/wp-json\/wp\/v2\/types\/product"}],"wp:featuredmedia":[{"embeddable":true,"href":"https:\/\/www.finsdesiecles-artdeco.com\/es\/wp-json\/wp\/v2\/media\/41440"}],"wp:attachment":[{"href":"https:\/\/www.finsdesiecles-artdeco.com\/es\/wp-json\/wp\/v2\/media?parent=41437"}],"wp:term":[{"taxonomy":"product_brand","embeddable":true,"href":"https:\/\/www.finsdesiecles-artdeco.com\/es\/wp-json\/wp\/v2\/product_brand?post=41437"},{"taxonomy":"product_cat","embeddable":true,"href":"https:\/\/www.finsdesiecles-artdeco.com\/es\/wp-json\/wp\/v2\/product_cat?post=41437"},{"taxonomy":"product_tag","embeddable":true,"href":"https:\/\/www.finsdesiecles-artdeco.com\/es\/wp-json\/wp\/v2\/product_tag?post=41437"}],"curies":[{"name":"wp","href":"https:\/\/api.w.org\/{rel}","templated":true}]}}