{"id":41505,"date":"2026-05-06T14:36:00","date_gmt":"2026-05-06T14:47:00","guid":{"rendered":"https:\/\/www.finsdesiecles-artdeco.com\/?post_type=product&#038;p=41505"},"modified":"2026-05-06T14:47:01","modified_gmt":"2026-05-06T14:47:01","slug":"pequeno-aparador-con-marqueteria-de-bambu-italia-1970","status":"publish","type":"product","link":"https:\/\/www.finsdesiecles-artdeco.com\/es\/product\/pequeno-aparador-con-marqueteria-de-bambu-italia-1970\/","title":{"rendered":"Peque\u00f1o aparador con marqueter\u00eda de bamb\u00fa &#8211; Italia 1970"},"content":{"rendered":"<p>Peque\u00f1o aparador con marqueter\u00eda de bamb\u00fa &#8211; Italia 1970<\/p>\n<p><strong>Dimensions<\/strong><\/p>\n<p><strong>cm<\/strong> 131 x 51,5 + 3 (tiradores) x 100<\/p>\n<p><strong>inches<\/strong> 51.57 x 20.28 + 1.18 (tiradores) x 39.37<\/p>\n","protected":false},"excerpt":{"rendered":"<p>Peque\u00f1o aparador de tres puertas y tres cajones, madera maciza chapada con marqueter\u00eda de bamb\u00fa.<\/p>\n<p>Al estilo de Gabriella Crespi.<\/p>\n<p>Italia, hacia 1970.<\/p>\n<p>&nbsp;<\/p>\n<p><strong>Dimensions<\/strong><\/p>\n<p><strong>cm<\/strong> 131 x 51,5 + 3 (tiradores) x 100<\/p>\n<p><strong>inches<\/strong> 51.57 x 20.28 + 1.18 (tiradores) x 39.37<\/p>\n","protected":false},"featured_media":41470,"template":"","meta":{"_editorskit_title_hidden":false,"_editorskit_reading_time":0,"_editorskit_is_block_options_detached":false,"_editorskit_block_options_position":"{}","inline_featured_image":false},"product_brand":[],"product_cat":[412,274],"product_tag":[],"class_list":{"0":"post-41505","1":"product","2":"type-product","3":"status-publish","4":"has-post-thumbnail","6":"product_cat-almacenaje","7":"product_cat-aparadores","9":"first","10":"instock","11":"shipping-taxable","12":"purchasable","13":"product-type-simple"},"_links":{"self":[{"href":"https:\/\/www.finsdesiecles-artdeco.com\/es\/wp-json\/wp\/v2\/product\/41505","targetHints":{"allow":["GET"]}}],"collection":[{"href":"https:\/\/www.finsdesiecles-artdeco.com\/es\/wp-json\/wp\/v2\/product"}],"about":[{"href":"https:\/\/www.finsdesiecles-artdeco.com\/es\/wp-json\/wp\/v2\/types\/product"}],"wp:featuredmedia":[{"embeddable":true,"href":"https:\/\/www.finsdesiecles-artdeco.com\/es\/wp-json\/wp\/v2\/media\/41470"}],"wp:attachment":[{"href":"https:\/\/www.finsdesiecles-artdeco.com\/es\/wp-json\/wp\/v2\/media?parent=41505"}],"wp:term":[{"taxonomy":"product_brand","embeddable":true,"href":"https:\/\/www.finsdesiecles-artdeco.com\/es\/wp-json\/wp\/v2\/product_brand?post=41505"},{"taxonomy":"product_cat","embeddable":true,"href":"https:\/\/www.finsdesiecles-artdeco.com\/es\/wp-json\/wp\/v2\/product_cat?post=41505"},{"taxonomy":"product_tag","embeddable":true,"href":"https:\/\/www.finsdesiecles-artdeco.com\/es\/wp-json\/wp\/v2\/product_tag?post=41505"}],"curies":[{"name":"wp","href":"https:\/\/api.w.org\/{rel}","templated":true}]}}