{"id":41569,"date":"2026-05-09T10:11:18","date_gmt":"2026-05-09T10:23:13","guid":{"rendered":"https:\/\/www.finsdesiecles-artdeco.com\/?post_type=product&#038;p=41569"},"modified":"2026-05-09T10:23:14","modified_gmt":"2026-05-09T10:23:14","slug":"aparador-con-marqueteria-de-bambu-italia-1970","status":"publish","type":"product","link":"https:\/\/www.finsdesiecles-artdeco.com\/es\/product\/aparador-con-marqueteria-de-bambu-italia-1970\/","title":{"rendered":"Aparador con marqueter\u00eda de bamb\u00fa \u2013 Italia 1970"},"content":{"rendered":"<p>Aparador con marqueter\u00eda de bamb\u00fa \u2013 Italia 1970<\/p>\n<p><strong>Dimensiones<\/strong><\/p>\n<p><strong>cm<\/strong> 132 x 51 + 3 (tiradores) x 90<\/p>\n<p><strong>inches<\/strong> 51.97 x 20.08 + 1.18 (tiradores) x 35.43<\/p>\n","protected":false},"excerpt":{"rendered":"<p>Peque\u00f1o aparador de tres puertas y tres cajones, madera maciza chapada con marqueter\u00eda de bamb\u00fa.<\/p>\n<p>Al estilo de Gabriella Crespi.<\/p>\n<p>Italia, hacia 1970.<\/p>\n<p>&nbsp;<\/p>\n<p><strong>Dimensiones<\/strong><\/p>\n<p><strong>cm<\/strong> 132 x 51 + 3 (tiradores) x 90<\/p>\n<p><strong>inches<\/strong> 51.97 x 20.08 + 1.18 (tiradores) x 35.43<\/p>\n","protected":false},"featured_media":41531,"template":"","meta":{"_editorskit_title_hidden":false,"_editorskit_reading_time":0,"_editorskit_is_block_options_detached":false,"_editorskit_block_options_position":"{}","inline_featured_image":false},"product_brand":[],"product_cat":[412,274],"product_tag":[],"class_list":{"0":"post-41569","1":"product","2":"type-product","3":"status-publish","4":"has-post-thumbnail","6":"product_cat-almacenaje","7":"product_cat-aparadores","9":"first","10":"instock","11":"shipping-taxable","12":"purchasable","13":"product-type-simple"},"_links":{"self":[{"href":"https:\/\/www.finsdesiecles-artdeco.com\/es\/wp-json\/wp\/v2\/product\/41569","targetHints":{"allow":["GET"]}}],"collection":[{"href":"https:\/\/www.finsdesiecles-artdeco.com\/es\/wp-json\/wp\/v2\/product"}],"about":[{"href":"https:\/\/www.finsdesiecles-artdeco.com\/es\/wp-json\/wp\/v2\/types\/product"}],"wp:featuredmedia":[{"embeddable":true,"href":"https:\/\/www.finsdesiecles-artdeco.com\/es\/wp-json\/wp\/v2\/media\/41531"}],"wp:attachment":[{"href":"https:\/\/www.finsdesiecles-artdeco.com\/es\/wp-json\/wp\/v2\/media?parent=41569"}],"wp:term":[{"taxonomy":"product_brand","embeddable":true,"href":"https:\/\/www.finsdesiecles-artdeco.com\/es\/wp-json\/wp\/v2\/product_brand?post=41569"},{"taxonomy":"product_cat","embeddable":true,"href":"https:\/\/www.finsdesiecles-artdeco.com\/es\/wp-json\/wp\/v2\/product_cat?post=41569"},{"taxonomy":"product_tag","embeddable":true,"href":"https:\/\/www.finsdesiecles-artdeco.com\/es\/wp-json\/wp\/v2\/product_tag?post=41569"}],"curies":[{"name":"wp","href":"https:\/\/api.w.org\/{rel}","templated":true}]}}