{"id":4164,"date":"2018-01-07T15:10:48","date_gmt":"2018-01-07T15:10:48","guid":{"rendered":"https:\/\/www.finsdesiecles-artdeco.com\/?product=lamparas-de-techo"},"modified":"2022-10-29T14:02:16","modified_gmt":"2022-10-29T14:02:16","slug":"linterna-de-suspencion-italia-1950","status":"publish","type":"product","link":"https:\/\/www.finsdesiecles-artdeco.com\/es\/product\/linterna-de-suspencion-italia-1950\/","title":{"rendered":"Linterna de suspensi\u00f3n &#8211; Italia 1950"},"content":{"rendered":"<p>Linterna de suspensi\u00f3n &#8211; Italia 1950<\/p>\n<hr \/>\n<p><b>Dimensiones<\/b><\/p>\n<ul>\n<li><b>cm:<\/b> Diam 32 x 100<\/li>\n<li><b>inches:<\/b> Diam 12.6 x 39.37<\/li>\n<\/ul>\n","protected":false},"excerpt":{"rendered":"<p>Linterna de suspensi\u00f3n compuesta de una bola de vidrio moldeado y trabajado al \u00e1cido, sostenida por seis brazos de lat\u00f3n pulido unidos a una cadena de aros dorados y el embellecedor para los cables.<\/p>\n<p>Fabricante: Esperia.<\/p>\n<p>Italia c. 1950<\/p>\n<p><b>Dimensiones<\/b><\/p>\n<ul>\n<li><b>cm:<\/b> Diam 32 x 100<\/li>\n<li><b>inches:<\/b> Diam 12.6 x 39.37<\/li>\n<\/ul>\n","protected":false},"featured_media":9064,"template":"","meta":{"_editorskit_title_hidden":false,"_editorskit_reading_time":0,"_editorskit_is_block_options_detached":false,"_editorskit_block_options_position":"{}","inline_featured_image":false},"product_brand":[],"product_cat":[265,328],"product_tag":[],"class_list":{"0":"post-4164","1":"product","2":"type-product","3":"status-publish","4":"has-post-thumbnail","6":"product_cat-iluminacion","7":"product_cat-lamparas-de-techo","9":"first","10":"instock","11":"purchasable","12":"product-type-simple"},"_links":{"self":[{"href":"https:\/\/www.finsdesiecles-artdeco.com\/es\/wp-json\/wp\/v2\/product\/4164","targetHints":{"allow":["GET"]}}],"collection":[{"href":"https:\/\/www.finsdesiecles-artdeco.com\/es\/wp-json\/wp\/v2\/product"}],"about":[{"href":"https:\/\/www.finsdesiecles-artdeco.com\/es\/wp-json\/wp\/v2\/types\/product"}],"wp:featuredmedia":[{"embeddable":true,"href":"https:\/\/www.finsdesiecles-artdeco.com\/es\/wp-json\/wp\/v2\/media\/9064"}],"wp:attachment":[{"href":"https:\/\/www.finsdesiecles-artdeco.com\/es\/wp-json\/wp\/v2\/media?parent=4164"}],"wp:term":[{"taxonomy":"product_brand","embeddable":true,"href":"https:\/\/www.finsdesiecles-artdeco.com\/es\/wp-json\/wp\/v2\/product_brand?post=4164"},{"taxonomy":"product_cat","embeddable":true,"href":"https:\/\/www.finsdesiecles-artdeco.com\/es\/wp-json\/wp\/v2\/product_cat?post=4164"},{"taxonomy":"product_tag","embeddable":true,"href":"https:\/\/www.finsdesiecles-artdeco.com\/es\/wp-json\/wp\/v2\/product_tag?post=4164"}],"curies":[{"name":"wp","href":"https:\/\/api.w.org\/{rel}","templated":true}]}}