{"id":4347,"date":"2018-03-09T13:00:36","date_gmt":"2018-03-09T13:00:36","guid":{"rendered":"https:\/\/www.finsdesiecles-artdeco.com\/?product=lamparas-de-pie"},"modified":"2022-11-19T11:52:06","modified_gmt":"2022-11-19T11:52:06","slug":"lampara-de-pie-tripode-en-laton-francia-1960","status":"publish","type":"product","link":"https:\/\/www.finsdesiecles-artdeco.com\/es\/product\/lampara-de-pie-tripode-en-laton-francia-1960\/","title":{"rendered":"L\u00e1mpara de pie tr\u00edpode en lat\u00f3n &#8211; Francia 1960"},"content":{"rendered":"<p>L\u00e1mpara de pie tr\u00edpode en lat\u00f3n &#8211; Francia 1960<\/p>\n<hr \/>\n<p><b>Dimensiones<\/b><\/p>\n<ul>\n<li><b>cm:<\/b> Diam. max. 90 x 173<\/li>\n<li><b>inches:<\/b> Diam. max. 35.43 x 68.11<\/li>\n<\/ul>\n","protected":false},"excerpt":{"rendered":"<p>L\u00e1mpara de pie tr\u00edpode en lat\u00f3n pulido, base de acero lacado en negro, decoraci\u00f3n de cord\u00f3n plastificado negro, 3 brazos flexibles con las pantallas originales en papel (pergamino similar) con pintura decorativa en relieve hecha a mano (una est\u00e1 por restaurar). Interruptores individuales.<\/p>\n<p>Francia c. 1960<\/p>\n<p>&nbsp;<\/p>\n<p>Base: Diam. 25 cm<\/p>\n<p><b>Dimensiones<\/b><\/p>\n<ul>\n<li><b>cm:<\/b> Diam. max. 90 x 173<\/li>\n<li><b>inches:<\/b> Diam. max. 35.43 x 68.11<\/li>\n<\/ul>\n","protected":false},"featured_media":9043,"template":"","meta":{"_editorskit_title_hidden":false,"_editorskit_reading_time":0,"_editorskit_is_block_options_detached":false,"_editorskit_block_options_position":"{}","inline_featured_image":false},"product_brand":[],"product_cat":[265,331],"product_tag":[],"class_list":{"0":"post-4347","1":"product","2":"type-product","3":"status-publish","4":"has-post-thumbnail","6":"product_cat-iluminacion","7":"product_cat-lamparas-de-pie","9":"first","10":"instock","11":"purchasable","12":"product-type-simple"},"_links":{"self":[{"href":"https:\/\/www.finsdesiecles-artdeco.com\/es\/wp-json\/wp\/v2\/product\/4347","targetHints":{"allow":["GET"]}}],"collection":[{"href":"https:\/\/www.finsdesiecles-artdeco.com\/es\/wp-json\/wp\/v2\/product"}],"about":[{"href":"https:\/\/www.finsdesiecles-artdeco.com\/es\/wp-json\/wp\/v2\/types\/product"}],"wp:featuredmedia":[{"embeddable":true,"href":"https:\/\/www.finsdesiecles-artdeco.com\/es\/wp-json\/wp\/v2\/media\/9043"}],"wp:attachment":[{"href":"https:\/\/www.finsdesiecles-artdeco.com\/es\/wp-json\/wp\/v2\/media?parent=4347"}],"wp:term":[{"taxonomy":"product_brand","embeddable":true,"href":"https:\/\/www.finsdesiecles-artdeco.com\/es\/wp-json\/wp\/v2\/product_brand?post=4347"},{"taxonomy":"product_cat","embeddable":true,"href":"https:\/\/www.finsdesiecles-artdeco.com\/es\/wp-json\/wp\/v2\/product_cat?post=4347"},{"taxonomy":"product_tag","embeddable":true,"href":"https:\/\/www.finsdesiecles-artdeco.com\/es\/wp-json\/wp\/v2\/product_tag?post=4347"}],"curies":[{"name":"wp","href":"https:\/\/api.w.org\/{rel}","templated":true}]}}