{"id":4425,"date":"2018-05-21T13:03:14","date_gmt":"2018-05-21T13:03:14","guid":{"rendered":"https:\/\/www.finsdesiecles-artdeco.com\/?product=sillas"},"modified":"2022-10-13T14:49:57","modified_gmt":"2022-10-13T14:49:57","slug":"pareja-de-sillas-italia-1940","status":"publish","type":"product","link":"https:\/\/www.finsdesiecles-artdeco.com\/es\/product\/pareja-de-sillas-italia-1940\/","title":{"rendered":"Pareja de sillas &#8211; Italia 1940"},"content":{"rendered":"<p>Pareja de sillas &#8211; Italia 1940<\/p>\n<hr \/>\n<p><b>Dimensiones<\/b><\/p>\n<ul>\n<li><b>cm:<\/b> 42 x 40 x 85 Asiento 48<\/li>\n<li><b>inches:<\/b> 16.54 x 15.75 x 33.46 Asiento 18.9<\/li>\n<\/ul>\n","protected":false},"excerpt":{"rendered":"<p>Elegante pareja de sillas, caoba tintada y barnizada a mu\u00f1eca. Nueva tapicer\u00eda de lana chin\u00e9 verde y negro.<\/p>\n<p>Italia c. 1940<\/p>\n<p><b>Dimensiones<\/b><\/p>\n<ul>\n<li><b>cm:<\/b> 42 x 40 x 85 Asiento 48<\/li>\n<li><b>inches:<\/b> 16.54 x 15.75 x 33.46 Asiento 18.9<\/li>\n<\/ul>\n","protected":false},"featured_media":9391,"template":"","meta":{"_editorskit_title_hidden":false,"_editorskit_reading_time":0,"_editorskit_is_block_options_detached":false,"_editorskit_block_options_position":"{}","inline_featured_image":false},"product_brand":[],"product_cat":[252,280],"product_tag":[],"class_list":{"0":"post-4425","1":"product","2":"type-product","3":"status-publish","4":"has-post-thumbnail","6":"product_cat-asientos1643813446","7":"product_cat-sillas2","9":"first","10":"instock","11":"purchasable","12":"product-type-simple"},"_links":{"self":[{"href":"https:\/\/www.finsdesiecles-artdeco.com\/es\/wp-json\/wp\/v2\/product\/4425","targetHints":{"allow":["GET"]}}],"collection":[{"href":"https:\/\/www.finsdesiecles-artdeco.com\/es\/wp-json\/wp\/v2\/product"}],"about":[{"href":"https:\/\/www.finsdesiecles-artdeco.com\/es\/wp-json\/wp\/v2\/types\/product"}],"wp:featuredmedia":[{"embeddable":true,"href":"https:\/\/www.finsdesiecles-artdeco.com\/es\/wp-json\/wp\/v2\/media\/9391"}],"wp:attachment":[{"href":"https:\/\/www.finsdesiecles-artdeco.com\/es\/wp-json\/wp\/v2\/media?parent=4425"}],"wp:term":[{"taxonomy":"product_brand","embeddable":true,"href":"https:\/\/www.finsdesiecles-artdeco.com\/es\/wp-json\/wp\/v2\/product_brand?post=4425"},{"taxonomy":"product_cat","embeddable":true,"href":"https:\/\/www.finsdesiecles-artdeco.com\/es\/wp-json\/wp\/v2\/product_cat?post=4425"},{"taxonomy":"product_tag","embeddable":true,"href":"https:\/\/www.finsdesiecles-artdeco.com\/es\/wp-json\/wp\/v2\/product_tag?post=4425"}],"curies":[{"name":"wp","href":"https:\/\/api.w.org\/{rel}","templated":true}]}}